{"id":2514,"date":"2022-02-18T09:32:01","date_gmt":"2022-02-18T09:32:01","guid":{"rendered":"https:\/\/guadalpark.com\/horaires-et-tarifs\/"},"modified":"2025-11-19T08:55:02","modified_gmt":"2025-11-19T08:55:02","slug":"horaires-et-tarifs","status":"publish","type":"page","link":"https:\/\/guadalpark.com\/fr\/horaires-et-tarifs\/","title":{"rendered":"Horaires et tarifs"},"content":{"rendered":"<div class=\"wpb-content-wrapper\"><p>[vc_row full_width=\u00a0\u00bbstretch_row\u00a0\u00bb css=\u00a0\u00bb.vc_custom_1640250035040{background-image: url(https:\/\/guadalpark.com\/wp-content\/uploads\/2021\/12\/banners-1920&#215;495-grupos1-v31-2-min.jpeg?id=2206) !important;background-position: center !important;background-repeat: no-repeat !important;background-size: cover !important;}\u00a0\u00bb el_class=\u00a0\u00bbbg_\u00a0\u00bb][vc_column][vc_column_text el_class=\u00a0\u00bbh1&Prime;]<\/p>\n<p style=\"text-align: center;\">HORAIRES ET TARIFS<\/p>\n<p>[\/vc_column_text][\/vc_column][\/vc_row][vc_section el_class=\u00a0\u00bbflex_m\u00a0\u00bb][vc_row content_placement=\u00a0\u00bbmiddle\u00a0\u00bb css_animation=\u00a0\u00bbfadeIn\u00a0\u00bb el_class=\u00a0\u00bbmapa_r\u00a0\u00bb css=\u00a0\u00bb.vc_custom_1635254336455{margin-top: 40px !important;}\u00a0\u00bb][vc_column width=\u00a0\u00bb2\/3&Prime;][vc_column_text el_class=\u00a0\u00bbtarifas_t\u00a0\u00bb]TARIFS[\/vc_column_text][vc_tta_tabs][vc_tta_section title=\u00a0\u00bbBILLETTERIE\u00a0\u00bb tab_id=\u00a0\u00bb1635253614404-93fb1647-cd2f\u00a0\u00bb][vc_raw_html css=\u00a0\u00bb\u00a0\u00bb]JTNDdGFibGUlMjBjbGFzcyUzRCUyMnRhYmxlJTIwdGFibGUtYm9yZGVyZWQlMjIlM0UlMEElM0N0Ym9keSUzRSUwQSUzQ3RyJTNFJTBBJTNDdGglM0VEZXNjcmlwdGlvbiUzQyUyRnRoJTNFJTBBJTNDdGglM0VQVlAlMjAyMDI2JTNDJTJGdGglM0UlMEElM0MlMkZ0ciUzRSUwQSUzQ3RyJTNFJTBBJTNDdGQlM0VQbGVpbiUyMHRhcmlmJTIwJTIwJTI4JTJCJTIwZGUlMjAxJTJDNDAlMjBtJTIwZGUlMjBoYXV0ZXVyJTI5JTNDJTJGdGQlM0UlMEElM0N0ZCUzRTI5JTJDNTAlMjAlRTIlODIlQUMlM0MlMkZ0ZCUzRSUwQSUzQyUyRnRyJTNFJTBBJTNDdHIlM0UlMEElM0N0ZCUzRVRhcmlmJTIwciVDMyVBOWR1aXQlMjAlMjAlMjhTZW5pb3IlMkMlMjBKdW5pb3IlMjBkZSUyMDAlMkM5MCUyMCVDMyVBMCUyMDElMkM0MCUyMG0lMjBkZSUyMGhhdXRldXIlMjklM0MlMkZ0ZCUzRSUwQSUzQ3RkJTNFMjAlMkM5MCUyMCVFMiU4MiVBQyUzQyUyRnRkJTNFJTBBJTNDJTJGdHIlM0UlMEElM0N0ciUzRSUwQSUzQ3RkJTNFSGFuZGljYXAlQzMlQTklMjBhZHVsdGUlMjAlM0UlMjAzMyUyNSUzQyUyRnRkJTNFJTBBJTNDdGQlM0UxOSUyQzkwJTIwJUUyJTgyJUFDJTNDJTJGdGQlM0UlMEElM0MlMkZ0ciUzRSUwQSUzQ3RyJTNFJTBBJTNDdGQlM0VIYW5kaWNhcCVDMyVBOSUyMGVuZmFudCUyMCUzRSUyMDMzJTI1JTNDJTJGdGQlM0UlMEElM0N0ZCUzRTE3JTJDOTAlMjAlRTIlODIlQUMlM0MlMkZ0ZCUzRSUwQSUzQyUyRnRyJTNFJTBBJTNDJTJGdGJvZHklM0UlMEElM0MlMkZ0YWJsZSUzRQ==[\/vc_raw_html][\/vc_tta_section][\/vc_tta_tabs][\/vc_column][vc_column width=\u00a0\u00bb1\/3&Prime;][vc_column_text]<\/p>\n<div class=\"cal_\">\n<p><img decoding=\"async\" src=\"https:\/\/guadalpark.com\/wp-content\/uploads\/2021\/10\/image-31.png\" alt=\"\" \/><\/p>\n<p>CALENDRIER D\u2019OUVERTURE<\/p>\n<\/div>\n<p>[\/vc_column_text][vc_raw_html css=\u00a0\u00bb\u00a0\u00bb el_class=\u00a0\u00bbfechas_\u00a0\u00bb]JTNDZGl2JTNFRGF0ZXMlM0MlMkZkaXYlM0UlMEElM0N1bCUzRSUwQSUzQ2xpJTNFJTBBJTNDZGl2JTNFMzAlMjBtYWklMjAyMDI2JTIwYXUlMjA2JTIwc2VwdGVtYnJlJTIwMjAyNiUzQyUyRmRpdiUzRSUwQSUzQyUyRmxpJTNFJTBBJTNDbGklM0UlMEElM0NkaXYlMjBzdHlsZSUzRCUyMndpZHRoJTNBJTIwMTAwJTI1JTNCJTIyJTNFJTJBJTIwQ2UlMjBjYWxlbmRyaWVyJTIwZXN0JTIwc3VzY2VwdGlibGUlMjBkJUUyJTgwJTk5JUMzJUFBdHJlJTIwbW9kaWZpJUMzJUE5JTNDJTJGZGl2JTNFJTBBJTNDJTJGbGklM0UlMEElM0MlMkZ1bCUzRQ==[\/vc_raw_html][vc_column_text]<\/p>\n<div class=\"hor_\">\n<p><img decoding=\"async\" src=\"https:\/\/guadalpark.com\/wp-content\/uploads\/2021\/10\/image-2.png\" alt=\"\" \/><\/p>\n<p>HORAIRE <span style=\"display: none; color: #1f7bbc; font-size: 19px; font-weight: 400;\">De 12:00M \u00e0 19:00PM<\/span><\/p>\n<\/div>\n<p>[\/vc_column_text][vc_raw_html css=\u00a0\u00bb\u00a0\u00bb el_class=\u00a0\u00bbfechas_\u00a0\u00bb]JTNDZGl2JTNFTW9pcyUzQyUyRmRpdiUzRSUwQSUzQ3VsJTNFJTBBJTNDbGklM0UlMEElM0NkaXYlM0UlM0NzcGFuJTIwY2xhc3MlM0QlMjJzXzElMjIlM0UlM0MlMkZzcGFuJTNFRHUlMjAzMCUyMG1haSUyMGF1JTIwMTAlMjBqdWlsbGV0JTNDJTJGZGl2JTNFJTBBJTNDZGl2JTNFTC1EaW0lMjBkZSUyMDEyaDAwJTIwJUMzJUEwJTIwMTloMDAlMjAlM0NiciUzRSUyMCUzQyUyRmRpdiUzRSUwQSUzQyUyRmxpJTNFJTBBJTNDbGklM0UlMEElM0NkaXYlM0UlM0NzcGFuJTIwY2xhc3MlM0QlMjJzXzIlMjIlM0UlM0MlMkZzcGFuJTNFRHUlMjAxMSUyMGp1aWxsZXQlMjBhdSUyMDIzJTIwYW8lQzMlQkJ0JTNDJTJGZGl2JTNFJTBBJTNDZGl2JTNFTC1EaW0lMjBkZSUyMDEyaDAwJTIwJUMzJUEwJTIwMjBoMDAlM0MlMkZkaXYlM0UlMEElM0MlMkZsaSUzRSUwQSUzQ2xpJTNFJTBBJTNDZGl2JTNFJTNDc3BhbiUyMGNsYXNzJTNEJTIyc18zJTIyJTNFJTNDJTJGc3BhbiUzRUR1JTIwMjQlMjBhbyVDMyVCQnQlMjBhdSUyMDYlMjBzZXB0ZW1icmUlMjAlM0MlMkZkaXYlM0UlMEElM0NkaXYlM0UlMEElM0NkaXYlM0VMLURpbSUyMGRlJTIwMTJoMDAlMjAlQzMlQTAlMjAxOWgwMCUyMCUzQ2JyJTNFJTNDJTJGZGl2JTNFJTBBJTNDJTJGZGl2JTNFJTBBJTNDJTJGbGklM0UlMEElM0MlMkZ1bCUzRQ==[\/vc_raw_html][\/vc_column][\/vc_row][vc_row css=\u00a0\u00bb.vc_custom_1638279266835{padding-top: 40px !important;padding-bottom: 40px !important;}\u00a0\u00bb][vc_column][vc_column_text]<\/p>\n<p style=\"text-align: center; font-size: 24px; font-weight: bold; color: #1c72b3;\">Vous trouverez ici, toutes les r\u00e9ponses \u00e0 vos questions concernant notre parc, ses services et ses installations. Si vous avez besoin de plus d\u2019informations, n\u2019h\u00e9sitez pas \u00e0 nous contacter.<\/p>\n<p>[\/vc_column_text][vc_row_inner][vc_column_inner width=\u00a0\u00bb1\/2&Prime;][vc_toggle title=\u00a0\u00bbY a-t-il une hauteur minimale exig\u00e9e pour acc\u00e9der aux attractions ?\u00a0\u00bb el_class=\u00a0\u00bbacordeon\u00a0\u00bb]Oui, certaines attractions requi\u00e8rent une jauge minimale, consultable dans les fiches informatives de chaque attraction.<\/p>\n<p>[\/vc_toggle][vc_toggle title=\u00a0\u00bbY a-t-il un poids minimum \u00e0 respecter pour utiliser les attractions ?\u00a0\u00bb el_class=\u00a0\u00bbacordeon\u00a0\u00bb]Oui, les attractions sont soumises \u00e0 des restrictions de poids. Les fiches informatives de chaque attraction sont accessibles sur notre site internet et vous informent \u00e0 ce sujet.<\/p>\n<p>[\/vc_toggle][vc_toggle title=\u00a0\u00bbPeut-on amener du mobilier ext\u00e9rieur dans le parc ?\u00a0\u00bb el_class=\u00a0\u00bbacordeon\u00a0\u00bb]Il est interdit de p\u00e9n\u00e9trer dans le parc avec du mobilier ext\u00e9rieur (chaises, tables, etc.), seules les poussettes sont autoris\u00e9es.[\/vc_toggle][vc_toggle title=\u00a0\u00bbPuis-je apporter de la nourriture avec moi ?\u00a0\u00bb el_class=\u00a0\u00bbacordeon\u00a0\u00bb]Oui, vous pouvez apporter votre nourriture au parc, hormis des r\u00e9cipients en verre et des canettes.[\/vc_toggle][vc_toggle title=\u00a0\u00bbPuis-je sortir du parc pour manger ?\u00a0\u00bb el_class=\u00a0\u00bbacordeon\u00a0\u00bb]Apr\u00e8s \u00eatre sorti du parc, vous disposez de 60 minutes pour revenir. Pass\u00e9 ce d\u00e9lai, vous devrez vous acquitter d\u2019un nouveau billet d\u2019entr\u00e9e.[\/vc_toggle][\/vc_column_inner][vc_column_inner width=\u00a0\u00bb1\/2&Prime;][vc_empty_space height=\u00a0\u00bb20px\u00a0\u00bb el_class=\u00a0\u00bbvc_hidden-lg vc_hidden-md\u00a0\u00bb][vc_toggle title=\u00a0\u00bbJusqu\u2019\u00e0 quel \u00e2ge, l\u2019entr\u00e9e est-elle au tarif enfant ?\u00a0\u00bb el_class=\u00a0\u00bbacordeon\u00a0\u00bb]L\u2019entr\u00e9e au tarif enfant d\u00e9pend de la hauteur. Nous appliquons le tarif enfant pour des hauteurs comprises entre 0,90 m \u00e0 1,40 m. En dessous de 0,90 m, l\u2019entr\u00e9e est gratuite.[\/vc_toggle][vc_toggle title=\u00a0\u00bbY a-t-il des restaurants \u00e0 l\u2019int\u00e9rieur ?\u00a0\u00bb el_class=\u00a0\u00bbacordeon\u00a0\u00bb]En effet, nous disposons d\u2019une vaste gamme de restaurants pour tous les go\u00fbts, depuis le fast food, la Pizzeria ou le Burger jusqu\u2019\u00e0 de nombreux kiosques \u00e0 glaces, \u00e0 beignets, etc&#8230;[\/vc_toggle][vc_toggle title=\u00a0\u00bbLes bou\u00e9es sont-elles incluses ?\u00a0\u00bb el_class=\u00a0\u00bbacordeon\u00a0\u00bb]Oui, le prix du billet inclut les bou\u00e9es, mais nous vous offrons \u00e9galement la possibilit\u00e9 de louer votre propre bou\u00e9e.[\/vc_toggle][vc_toggle title=\u00a0\u00bbLes chaises longues et les casiers, sont-ils inclus ?\u00a0\u00bb el_class=\u00a0\u00bbacordeon\u00a0\u00bb]Nous disposons de chaises longues gratuites pour les clients. Les casiers ne sont pas inclus dans le prix du billet.[\/vc_toggle][vc_toggle title=\u00a0\u00bbVais-je \u00e9viter les files d\u2019attente aux guichets si j\u2019ach\u00e8te en ligne ?\u00a0\u00bb el_class=\u00a0\u00bbacordeon\u00a0\u00bb]En effet, si vous achetez vos billets en ligne, vous b\u00e9n\u00e9ficierez non seulement de r\u00e9ductions, mais vous \u00e9viterez \u00e9galement les files d\u2019attente aux guichets.[\/vc_toggle][\/vc_column_inner][\/vc_row_inner][\/vc_column][\/vc_row][vc_row][vc_column][vc_empty_space][vc_single_image image=\u00a0\u00bb2341&Prime; img_size=\u00a0\u00bbfull\u00a0\u00bb alignment=\u00a0\u00bbcenter\u00a0\u00bb onclick=\u00a0\u00bbcustom_link\u00a0\u00bb img_link_target=\u00a0\u00bb_blank\u00a0\u00bb el_class=\u00a0\u00bbmapa\u00a0\u00bb link=\u00a0\u00bbhttps:\/\/www.google.com\/maps\/place\/Guadalpark\/@37.3952598,-5.9143815,15z\/data=!4m5!3m4!1s0x0:0x14f3807aae5a691e!8m2!3d37.3952599!4d-5.9143818&Prime;][\/vc_column][\/vc_row][\/vc_section]<\/p>\n<\/div>","protected":false},"excerpt":{"rendered":"<p>[vc_row full_width=\u00a0\u00bbstretch_row\u00a0\u00bb css=\u00a0\u00bb.vc_custom_1640250035040{background-image: url(https:\/\/guadalpark.com\/wp-content\/uploads\/2021\/12\/banners-1920&#215;495-grupos1-v31-2-min.jpeg?id=2206) !important;background-position: center !important;background-repeat: no-repeat !important;background-size: cover !important;}\u00a0\u00bb el_class=\u00a0\u00bbbg_\u00a0\u00bb][vc_column][vc_column_text el_class=\u00a0\u00bbh1&Prime;] HORAIRES ET TARIFS [\/vc_column_text][\/vc_column][\/vc_row][vc_section el_class=\u00a0\u00bbflex_m\u00a0\u00bb][vc_row content_placement=\u00a0\u00bbmiddle\u00a0\u00bb css_animation=\u00a0\u00bbfadeIn\u00a0\u00bb el_class=\u00a0\u00bbmapa_r\u00a0\u00bb css=\u00a0\u00bb.vc_custom_1635254336455{margin-top: 40px !important;}\u00a0\u00bb][vc_column width=\u00a0\u00bb2\/3&Prime;][vc_column_text el_class=\u00a0\u00bbtarifas_t\u00a0\u00bb]TARIFS[\/vc_column_text][vc_tta_tabs][vc_tta_section title=\u00a0\u00bbBILLETTERIE\u00a0\u00bb tab_id=\u00a0\u00bb1635253614404-93fb1647-cd2f\u00a0\u00bb][vc_raw_html css=\u00a0\u00bb\u00a0\u00bb]JTNDdGFibGUlMjBjbGFzcyUzRCUyMnRhYmxlJTIwdGFibGUtYm9yZGVyZWQlMjIlM0UlMEElM0N0Ym9keSUzRSUwQSUzQ3RyJTNFJTBBJTNDdGglM0VEZXNjcmlwdGlvbiUzQyUyRnRoJTNFJTBBJTNDdGglM0VQVlAlMjAyMDI2JTNDJTJGdGglM0UlMEElM0MlMkZ0ciUzRSUwQSUzQ3RyJTNFJTBBJTNDdGQlM0VQbGVpbiUyMHRhcmlmJTIwJTIwJTI4JTJCJTIwZGUlMjAxJTJDNDAlMjBtJTIwZGUlMjBoYXV0ZXVyJTI5JTNDJTJGdGQlM0UlMEElM0N0ZCUzRTI5JTJDNTAlMjAlRTIlODIlQUMlM0MlMkZ0ZCUzRSUwQSUzQyUyRnRyJTNFJTBBJTNDdHIlM0UlMEElM0N0ZCUzRVRhcmlmJTIwciVDMyVBOWR1aXQlMjAlMjAlMjhTZW5pb3IlMkMlMjBKdW5pb3IlMjBkZSUyMDAlMkM5MCUyMCVDMyVBMCUyMDElMkM0MCUyMG0lMjBkZSUyMGhhdXRldXIlMjklM0MlMkZ0ZCUzRSUwQSUzQ3RkJTNFMjAlMkM5MCUyMCVFMiU4MiVBQyUzQyUyRnRkJTNFJTBBJTNDJTJGdHIlM0UlMEElM0N0ciUzRSUwQSUzQ3RkJTNFSGFuZGljYXAlQzMlQTklMjBhZHVsdGUlMjAlM0UlMjAzMyUyNSUzQyUyRnRkJTNFJTBBJTNDdGQlM0UxOSUyQzkwJTIwJUUyJTgyJUFDJTNDJTJGdGQlM0UlMEElM0MlMkZ0ciUzRSUwQSUzQ3RyJTNFJTBBJTNDdGQlM0VIYW5kaWNhcCVDMyVBOSUyMGVuZmFudCUyMCUzRSUyMDMzJTI1JTNDJTJGdGQlM0UlMEElM0N0ZCUzRTE3JTJDOTAlMjAlRTIlODIlQUMlM0MlMkZ0ZCUzRSUwQSUzQyUyRnRyJTNFJTBBJTNDJTJGdGJvZHklM0UlMEElM0MlMkZ0YWJsZSUzRQ==[\/vc_raw_html][\/vc_tta_section][\/vc_tta_tabs][\/vc_column][vc_column width=\u00a0\u00bb1\/3&Prime;][vc_column_text] CALENDRIER D\u2019OUVERTURE [\/vc_column_text][vc_raw_html css=\u00a0\u00bb\u00a0\u00bb el_class=\u00a0\u00bbfechas_\u00a0\u00bb]JTNDZGl2JTNFRGF0ZXMlM0MlMkZkaXYlM0UlMEElM0N1bCUzRSUwQSUzQ2xpJTNFJTBBJTNDZGl2JTNFMzAlMjBtYWklMjAyMDI2JTIwYXUlMjA2JTIwc2VwdGVtYnJlJTIwMjAyNiUzQyUyRmRpdiUzRSUwQSUzQyUyRmxpJTNFJTBBJTNDbGklM0UlMEElM0NkaXYlMjBzdHlsZSUzRCUyMndpZHRoJTNBJTIwMTAwJTI1JTNCJTIyJTNFJTJBJTIwQ2UlMjBjYWxlbmRyaWVyJTIwZXN0JTIwc3VzY2VwdGlibGUlMjBkJUUyJTgwJTk5JUMzJUFBdHJlJTIwbW9kaWZpJUMzJUE5JTNDJTJGZGl2JTNFJTBBJTNDJTJGbGklM0UlMEElM0MlMkZ1bCUzRQ==[\/vc_raw_html][vc_column_text] HORAIRE De 12:00M \u00e0 19:00PM [\/vc_column_text][vc_raw_html css=\u00a0\u00bb\u00a0\u00bb el_class=\u00a0\u00bbfechas_\u00a0\u00bb]JTNDZGl2JTNFTW9pcyUzQyUyRmRpdiUzRSUwQSUzQ3VsJTNFJTBBJTNDbGklM0UlMEElM0NkaXYlM0UlM0NzcGFuJTIwY2xhc3MlM0QlMjJzXzElMjIlM0UlM0MlMkZzcGFuJTNFRHUlMjAzMCUyMG1haSUyMGF1JTIwMTAlMjBqdWlsbGV0JTNDJTJGZGl2JTNFJTBBJTNDZGl2JTNFTC1EaW0lMjBkZSUyMDEyaDAwJTIwJUMzJUEwJTIwMTloMDAlMjAlM0NiciUzRSUyMCUzQyUyRmRpdiUzRSUwQSUzQyUyRmxpJTNFJTBBJTNDbGklM0UlMEElM0NkaXYlM0UlM0NzcGFuJTIwY2xhc3MlM0QlMjJzXzIlMjIlM0UlM0MlMkZzcGFuJTNFRHUlMjAxMSUyMGp1aWxsZXQlMjBhdSUyMDIzJTIwYW8lQzMlQkJ0JTNDJTJGZGl2JTNFJTBBJTNDZGl2JTNFTC1EaW0lMjBkZSUyMDEyaDAwJTIwJUMzJUEwJTIwMjBoMDAlM0MlMkZkaXYlM0UlMEElM0MlMkZsaSUzRSUwQSUzQ2xpJTNFJTBBJTNDZGl2JTNFJTNDc3BhbiUyMGNsYXNzJTNEJTIyc18zJTIyJTNFJTNDJTJGc3BhbiUzRUR1JTIwMjQlMjBhbyVDMyVCQnQlMjBhdSUyMDYlMjBzZXB0ZW1icmUlMjAlM0MlMkZkaXYlM0UlMEElM0NkaXYlM0UlMEElM0NkaXYlM0VMLURpbSUyMGRlJTIwMTJoMDAlMjAlQzMlQTAlMjAxOWgwMCUyMCUzQ2JyJTNFJTNDJTJGZGl2JTNFJTBBJTNDJTJGZGl2JTNFJTBBJTNDJTJGbGklM0UlMEElM0MlMkZ1bCUzRQ==[\/vc_raw_html][\/vc_column][\/vc_row][vc_row css=\u00a0\u00bb.vc_custom_1638279266835{padding-top: 40px !important;padding-bottom: 40px !important;}\u00a0\u00bb][vc_column][vc_column_text] Vous trouverez ici, toutes les r\u00e9ponses \u00e0 &#8230; <a title=\"Horaires et tarifs\" class=\"read-more\" href=\"https:\/\/guadalpark.com\/fr\/horaires-et-tarifs\/\" aria-label=\"En savoir plus sur Horaires et tarifs\">Lire la suite<\/a><\/p>\n","protected":false},"author":1,"featured_media":0,"parent":0,"menu_order":0,"comment_status":"closed","ping_status":"closed","template":"","meta":{"footnotes":""},"class_list":["post-2514","page","type-page","status-publish"],"yoast_head":"<!-- This site is optimized with the Yoast SEO plugin v27.4 - https:\/\/yoast.com\/product\/yoast-seo-wordpress\/ -->\n<title>\u25b7 Horaires et tarifs| Guadalpark Sevilla \u00a9<\/title>\n<meta name=\"description\" content=\"Ven a Guadalpark Sevilla \u2b50 Descubre nuestros horarios y precios para venir en grupos, colegios o en familia \u27a4 \u00a1Reserva tu entrada!\" \/>\n<meta name=\"robots\" content=\"index, follow, max-snippet:-1, max-image-preview:large, max-video-preview:-1\" \/>\n<link rel=\"canonical\" href=\"https:\/\/guadalpark.com\/fr\/horaires-et-tarifs\/\" \/>\n<meta property=\"og:locale\" content=\"fr_FR\" \/>\n<meta property=\"og:type\" content=\"article\" \/>\n<meta property=\"og:title\" content=\"\u25b7 Horaires et tarifs| Guadalpark Sevilla \u00a9\" \/>\n<meta property=\"og:description\" content=\"Ven a Guadalpark Sevilla \u2b50 Descubre nuestros horarios y precios para venir en grupos, colegios o en familia \u27a4 \u00a1Reserva tu entrada!\" \/>\n<meta property=\"og:url\" content=\"https:\/\/guadalpark.com\/fr\/horaires-et-tarifs\/\" \/>\n<meta property=\"og:site_name\" content=\"Guadalpark Sevilla\" \/>\n<meta property=\"article:modified_time\" content=\"2025-11-19T08:55:02+00:00\" \/>\n<meta property=\"og:image\" content=\"https:\/\/guadalpark.com\/wp-content\/uploads\/2021\/10\/image-31.png\" \/>\n<meta name=\"twitter:card\" content=\"summary_large_image\" \/>\n<meta name=\"twitter:label1\" content=\"Dur\u00e9e de lecture estim\u00e9e\" \/>\n\t<meta name=\"twitter:data1\" content=\"3 minutes\" \/>\n<script type=\"application\/ld+json\" class=\"yoast-schema-graph\">{\"@context\":\"https:\\\/\\\/schema.org\",\"@graph\":[{\"@type\":\"WebPage\",\"@id\":\"https:\\\/\\\/guadalpark.com\\\/fr\\\/horaires-et-tarifs\\\/\",\"url\":\"https:\\\/\\\/guadalpark.com\\\/fr\\\/horaires-et-tarifs\\\/\",\"name\":\"\u25b7 Horaires et tarifs| Guadalpark Sevilla \u00a9\",\"isPartOf\":{\"@id\":\"https:\\\/\\\/guadalpark.com\\\/#website\"},\"primaryImageOfPage\":{\"@id\":\"https:\\\/\\\/guadalpark.com\\\/fr\\\/horaires-et-tarifs\\\/#primaryimage\"},\"image\":{\"@id\":\"https:\\\/\\\/guadalpark.com\\\/fr\\\/horaires-et-tarifs\\\/#primaryimage\"},\"thumbnailUrl\":\"https:\\\/\\\/guadalpark.com\\\/wp-content\\\/uploads\\\/2021\\\/10\\\/image-31.png\",\"datePublished\":\"2022-02-18T09:32:01+00:00\",\"dateModified\":\"2025-11-19T08:55:02+00:00\",\"description\":\"Ven a Guadalpark Sevilla \u2b50 Descubre nuestros horarios y precios para venir en grupos, colegios o en familia \u27a4 \u00a1Reserva tu entrada!\",\"breadcrumb\":{\"@id\":\"https:\\\/\\\/guadalpark.com\\\/fr\\\/horaires-et-tarifs\\\/#breadcrumb\"},\"inLanguage\":\"fr-FR\",\"potentialAction\":[{\"@type\":\"ReadAction\",\"target\":[\"https:\\\/\\\/guadalpark.com\\\/fr\\\/horaires-et-tarifs\\\/\"]}]},{\"@type\":\"ImageObject\",\"inLanguage\":\"fr-FR\",\"@id\":\"https:\\\/\\\/guadalpark.com\\\/fr\\\/horaires-et-tarifs\\\/#primaryimage\",\"url\":\"https:\\\/\\\/guadalpark.com\\\/wp-content\\\/uploads\\\/2021\\\/10\\\/image-31.png\",\"contentUrl\":\"https:\\\/\\\/guadalpark.com\\\/wp-content\\\/uploads\\\/2021\\\/10\\\/image-31.png\"},{\"@type\":\"BreadcrumbList\",\"@id\":\"https:\\\/\\\/guadalpark.com\\\/fr\\\/horaires-et-tarifs\\\/#breadcrumb\",\"itemListElement\":[{\"@type\":\"ListItem\",\"position\":1,\"name\":\"Portada\",\"item\":\"https:\\\/\\\/guadalpark.com\\\/fr\\\/\"},{\"@type\":\"ListItem\",\"position\":2,\"name\":\"Horaires et tarifs\"}]},{\"@type\":\"WebSite\",\"@id\":\"https:\\\/\\\/guadalpark.com\\\/#website\",\"url\":\"https:\\\/\\\/guadalpark.com\\\/\",\"name\":\"Guadalpark Sevilla\",\"description\":\"Otro sitio realizado con WordPress\",\"publisher\":{\"@id\":\"https:\\\/\\\/guadalpark.com\\\/#organization\"},\"potentialAction\":[{\"@type\":\"SearchAction\",\"target\":{\"@type\":\"EntryPoint\",\"urlTemplate\":\"https:\\\/\\\/guadalpark.com\\\/?s={search_term_string}\"},\"query-input\":{\"@type\":\"PropertyValueSpecification\",\"valueRequired\":true,\"valueName\":\"search_term_string\"}}],\"inLanguage\":\"fr-FR\"},{\"@type\":\"Organization\",\"@id\":\"https:\\\/\\\/guadalpark.com\\\/#organization\",\"name\":\"Guadalpark Sevilla\",\"url\":\"https:\\\/\\\/guadalpark.com\\\/\",\"logo\":{\"@type\":\"ImageObject\",\"inLanguage\":\"fr-FR\",\"@id\":\"https:\\\/\\\/guadalpark.com\\\/#\\\/schema\\\/logo\\\/image\\\/\",\"url\":\"https:\\\/\\\/guadalpark.com\\\/wp-content\\\/uploads\\\/2021\\\/10\\\/logo_ag-1.png\",\"contentUrl\":\"https:\\\/\\\/guadalpark.com\\\/wp-content\\\/uploads\\\/2021\\\/10\\\/logo_ag-1.png\",\"width\":580,\"height\":256,\"caption\":\"Guadalpark Sevilla\"},\"image\":{\"@id\":\"https:\\\/\\\/guadalpark.com\\\/#\\\/schema\\\/logo\\\/image\\\/\"}}]}<\/script>\n<!-- \/ Yoast SEO plugin. -->","yoast_head_json":{"title":"\u25b7 Horaires et tarifs| Guadalpark Sevilla \u00a9","description":"Ven a Guadalpark Sevilla \u2b50 Descubre nuestros horarios y precios para venir en grupos, colegios o en familia \u27a4 \u00a1Reserva tu entrada!","robots":{"index":"index","follow":"follow","max-snippet":"max-snippet:-1","max-image-preview":"max-image-preview:large","max-video-preview":"max-video-preview:-1"},"canonical":"https:\/\/guadalpark.com\/fr\/horaires-et-tarifs\/","og_locale":"fr_FR","og_type":"article","og_title":"\u25b7 Horaires et tarifs| Guadalpark Sevilla \u00a9","og_description":"Ven a Guadalpark Sevilla \u2b50 Descubre nuestros horarios y precios para venir en grupos, colegios o en familia \u27a4 \u00a1Reserva tu entrada!","og_url":"https:\/\/guadalpark.com\/fr\/horaires-et-tarifs\/","og_site_name":"Guadalpark Sevilla","article_modified_time":"2025-11-19T08:55:02+00:00","og_image":[{"url":"https:\/\/guadalpark.com\/wp-content\/uploads\/2021\/10\/image-31.png","type":"","width":"","height":""}],"twitter_card":"summary_large_image","twitter_misc":{"Dur\u00e9e de lecture estim\u00e9e":"3 minutes"},"schema":{"@context":"https:\/\/schema.org","@graph":[{"@type":"WebPage","@id":"https:\/\/guadalpark.com\/fr\/horaires-et-tarifs\/","url":"https:\/\/guadalpark.com\/fr\/horaires-et-tarifs\/","name":"\u25b7 Horaires et tarifs| Guadalpark Sevilla \u00a9","isPartOf":{"@id":"https:\/\/guadalpark.com\/#website"},"primaryImageOfPage":{"@id":"https:\/\/guadalpark.com\/fr\/horaires-et-tarifs\/#primaryimage"},"image":{"@id":"https:\/\/guadalpark.com\/fr\/horaires-et-tarifs\/#primaryimage"},"thumbnailUrl":"https:\/\/guadalpark.com\/wp-content\/uploads\/2021\/10\/image-31.png","datePublished":"2022-02-18T09:32:01+00:00","dateModified":"2025-11-19T08:55:02+00:00","description":"Ven a Guadalpark Sevilla \u2b50 Descubre nuestros horarios y precios para venir en grupos, colegios o en familia \u27a4 \u00a1Reserva tu entrada!","breadcrumb":{"@id":"https:\/\/guadalpark.com\/fr\/horaires-et-tarifs\/#breadcrumb"},"inLanguage":"fr-FR","potentialAction":[{"@type":"ReadAction","target":["https:\/\/guadalpark.com\/fr\/horaires-et-tarifs\/"]}]},{"@type":"ImageObject","inLanguage":"fr-FR","@id":"https:\/\/guadalpark.com\/fr\/horaires-et-tarifs\/#primaryimage","url":"https:\/\/guadalpark.com\/wp-content\/uploads\/2021\/10\/image-31.png","contentUrl":"https:\/\/guadalpark.com\/wp-content\/uploads\/2021\/10\/image-31.png"},{"@type":"BreadcrumbList","@id":"https:\/\/guadalpark.com\/fr\/horaires-et-tarifs\/#breadcrumb","itemListElement":[{"@type":"ListItem","position":1,"name":"Portada","item":"https:\/\/guadalpark.com\/fr\/"},{"@type":"ListItem","position":2,"name":"Horaires et tarifs"}]},{"@type":"WebSite","@id":"https:\/\/guadalpark.com\/#website","url":"https:\/\/guadalpark.com\/","name":"Guadalpark Sevilla","description":"Otro sitio realizado con WordPress","publisher":{"@id":"https:\/\/guadalpark.com\/#organization"},"potentialAction":[{"@type":"SearchAction","target":{"@type":"EntryPoint","urlTemplate":"https:\/\/guadalpark.com\/?s={search_term_string}"},"query-input":{"@type":"PropertyValueSpecification","valueRequired":true,"valueName":"search_term_string"}}],"inLanguage":"fr-FR"},{"@type":"Organization","@id":"https:\/\/guadalpark.com\/#organization","name":"Guadalpark Sevilla","url":"https:\/\/guadalpark.com\/","logo":{"@type":"ImageObject","inLanguage":"fr-FR","@id":"https:\/\/guadalpark.com\/#\/schema\/logo\/image\/","url":"https:\/\/guadalpark.com\/wp-content\/uploads\/2021\/10\/logo_ag-1.png","contentUrl":"https:\/\/guadalpark.com\/wp-content\/uploads\/2021\/10\/logo_ag-1.png","width":580,"height":256,"caption":"Guadalpark Sevilla"},"image":{"@id":"https:\/\/guadalpark.com\/#\/schema\/logo\/image\/"}}]}},"_links":{"self":[{"href":"https:\/\/guadalpark.com\/fr\/wp-json\/wp\/v2\/pages\/2514","targetHints":{"allow":["GET"]}}],"collection":[{"href":"https:\/\/guadalpark.com\/fr\/wp-json\/wp\/v2\/pages"}],"about":[{"href":"https:\/\/guadalpark.com\/fr\/wp-json\/wp\/v2\/types\/page"}],"author":[{"embeddable":true,"href":"https:\/\/guadalpark.com\/fr\/wp-json\/wp\/v2\/users\/1"}],"replies":[{"embeddable":true,"href":"https:\/\/guadalpark.com\/fr\/wp-json\/wp\/v2\/comments?post=2514"}],"version-history":[{"count":23,"href":"https:\/\/guadalpark.com\/fr\/wp-json\/wp\/v2\/pages\/2514\/revisions"}],"predecessor-version":[{"id":3392,"href":"https:\/\/guadalpark.com\/fr\/wp-json\/wp\/v2\/pages\/2514\/revisions\/3392"}],"wp:attachment":[{"href":"https:\/\/guadalpark.com\/fr\/wp-json\/wp\/v2\/media?parent=2514"}],"curies":[{"name":"wp","href":"https:\/\/api.w.org\/{rel}","templated":true}]}}