{"id":2530,"date":"2022-02-18T10:35:21","date_gmt":"2022-02-18T10:35:21","guid":{"rendered":"https:\/\/guadalpark.com\/nos-services\/"},"modified":"2025-02-10T13:02:39","modified_gmt":"2025-02-10T13:02:39","slug":"nos-services","status":"publish","type":"page","link":"https:\/\/guadalpark.com\/fr\/nos-services\/","title":{"rendered":"Nos Services"},"content":{"rendered":"<div class=\"wpb-content-wrapper\"><p>[vc_row full_width=\u00a0\u00bbstretch_row\u00a0\u00bb css=\u00a0\u00bb.vc_custom_1640249807097{background-image: url(https:\/\/guadalpark.com\/wp-content\/uploads\/2021\/12\/banners-1920&#215;495-grupos6-min.png?id=2202) !important;background-position: center !important;background-repeat: no-repeat !important;background-size: cover !important;}\u00a0\u00bb el_class=\u00a0\u00bbbg_\u00a0\u00bb][vc_column][vc_column_text el_class=\u00a0\u00bbh1&Prime;]<\/p>\n<p style=\"text-align: center;\">NOS SERVICES<\/p>\n<p>[\/vc_column_text][\/vc_column][\/vc_row][vc_row][vc_column][vc_column_text el_class=\u00a0\u00bbtext_2&Prime;]Au <strong>Guadalpark<\/strong>, nous avons \u00e0 c\u0153ur de penser \u00e0 tout. Pour cette raison, nous vous proposons une grande vari\u00e9t\u00e9 de services afin de rendre votre s\u00e9jour le plus confortable et simple possible. Depuis une boutique, o\u00f9 acheter tout ce dont vous avez besoin, jusqu\u2019\u00e0 des chaises longues, des bou\u00e9es, \u00a0des <a href=\"https:\/\/guadalpark.com\/restaurantes\/\">restaurants<\/a>\u00a0et des casiers s\u00e9curis\u00e9s pour d\u00e9poser vos affaires et ne plus vous soucier que de vous amuser.[\/vc_column_text][\/vc_column][\/vc_row][vc_row equal_height=\u00a0\u00bbyes\u00a0\u00bb css_animation=\u00a0\u00bbfadeIn\u00a0\u00bb el_class=\u00a0\u00bbservicios_\u00a0\u00bb css=\u00a0\u00bb.vc_custom_1635166213039{margin-bottom: 30px !important;}\u00a0\u00bb][vc_column width=\u00a0\u00bb1\/2&Prime;][vc_single_image image=\u00a0\u00bb3005&Prime; img_size=\u00a0\u00bbfull\u00a0\u00bb alignment=\u00a0\u00bbcenter\u00a0\u00bb][vc_column_text el_class=\u00a0\u00bbtit_punto\u00a0\u00bb]FAST PASS[\/vc_column_text][vc_column_text el_class=\u00a0\u00bbsubtit_punto\u00a0\u00bb]Moins d&rsquo;attente, plus de plaisir ! Avec le service Fast Pass, vous aurez un acc\u00e8s plus rapide aux attractions les plus populaires. De cette fa\u00e7on, vous faites moins la queue et vous pouvez profiter davantage de votre journ\u00e9e au parc.<br \/>\nLe service Fast Pass est disponible \u00e0 l&rsquo;achat dans le parc (Information, Boutique et Espace Pr\u00e9f\u00e9rentiel) et les unit\u00e9s sont limit\u00e9es.<\/p>\n<p><span style=\"font-size: 13px; display: block; line-height: 1.3;\">**Conditions : prix par personne. L&rsquo;acc\u00e8s au parc n&rsquo;est pas inclus \u00e0 l&rsquo;achat de ce produit, un billet d&rsquo;entr\u00e9e au parc est requis. L&rsquo;utilisation des attractions est soumise \u00e0 des restrictions de taille et\/ou de poids. Aucune modification ou remboursement n&rsquo;est autoris\u00e9. Sur les attractions \u00e0 flotteurs doubles, pour utiliser le Fast Pass, les deux utilisateurs doivent avoir souscrit au service Fast Pass<\/span>[\/vc_column_text][\/vc_column][vc_column width=\u00a0\u00bb1\/2&Prime;][vc_single_image image=\u00a0\u00bb2303&Prime; img_size=\u00a0\u00bbfull\u00a0\u00bb alignment=\u00a0\u00bbcenter\u00a0\u00bb][vc_column_text el_class=\u00a0\u00bbtit_punto\u00a0\u00bb]SERVICE DE CHAISES LONGUES GRATUITES*[\/vc_column_text][vc_column_text el_class=\u00a0\u00bbsubtit_punto\u00a0\u00bb]Le parc dispose de chaises longues gratuites, diss\u00e9min\u00e9es dans tout le parc, pour vous relaxer un instant, lire un livre ou prendre un bain de soleil entre chaque attraction. *Le nombre de chaises longues mises gratuitement \u00e0 la disposition des clients, est limit\u00e9.[\/vc_column_text][\/vc_column][\/vc_row][vc_row equal_height=\u00a0\u00bbyes\u00a0\u00bb css_animation=\u00a0\u00bbfadeIn\u00a0\u00bb el_class=\u00a0\u00bbservicios_\u00a0\u00bb css=\u00a0\u00bb.vc_custom_1635166213039{margin-bottom: 30px !important;}\u00a0\u00bb][vc_column width=\u00a0\u00bb1\/2&Prime;][vc_single_image image=\u00a0\u00bb2306&Prime; img_size=\u00a0\u00bbfull\u00a0\u00bb alignment=\u00a0\u00bbcenter\u00a0\u00bb][vc_column_text el_class=\u00a0\u00bbtit_punto\u00a0\u00bb]LOCATION DE BOU\u00c9ES[\/vc_column_text][vc_column_text el_class=\u00a0\u00bbsubtit_punto\u00a0\u00bb]Chaque attraction dispose de bou\u00e9es gratuites, mais si vous souhaitez en profiter plus souvent et perdre moins de temps aux files d\u2019attente, nous vous proposons des bou\u00e9es en location. Profitez au maximum de votre visite avec ce service compl\u00e9mentaire.[\/vc_column_text][\/vc_column][vc_column width=\u00a0\u00bb1\/2&Prime;][vc_single_image image=\u00a0\u00bb2302&Prime; img_size=\u00a0\u00bbfull\u00a0\u00bb alignment=\u00a0\u00bbcenter\u00a0\u00bb][vc_column_text el_class=\u00a0\u00bbtit_punto\u00a0\u00bb]CONSIGNES[\/vc_column_text][vc_column_text el_class=\u00a0\u00bbsubtit_punto\u00a0\u00bb]Pour profiter pleinement des attractions sans craindre de perdre ou de casser vos affaires, laissez-les dans un endroit s\u00fbr et accessible. T\u00e9l\u00e9phone portable, portefeuille, lunettes de soleil, cl\u00e9s de maison&#8230; Vous pouvez louer un casier \u00e0 la journ\u00e9e et r\u00e9cup\u00e9rer ce dont vous avez besoin, \u00e0 tout moment.[\/vc_column_text][\/vc_column][\/vc_row][vc_row equal_height=\u00a0\u00bbyes\u00a0\u00bb css_animation=\u00a0\u00bbfadeIn\u00a0\u00bb el_class=\u00a0\u00bbservicios_\u00a0\u00bb css=\u00a0\u00bb.vc_custom_1635166219639{margin-bottom: 30px !important;}\u00a0\u00bb][vc_column width=\u00a0\u00bb1\/2&Prime;][vc_single_image image=\u00a0\u00bb2455&Prime; img_size=\u00a0\u00bbfull\u00a0\u00bb alignment=\u00a0\u00bbcenter\u00a0\u00bb onclick=\u00a0\u00bbcustom_link\u00a0\u00bb link=\u00a0\u00bbhttps:%2F%2Fguadalpark.com%2Frestaurantes%2F|\u00a0\u00bb][vc_column_text el_class=\u00a0\u00bbtit_punto\u00a0\u00bb]O\u00d9 MANGER?[\/vc_column_text][vc_column_text el_class=\u00a0\u00bbsubtit_punto\u00a0\u00bb]Le Guadalpark dispose d\u2019une large gamme de bars et de restaurants, o\u00f9 la qualit\u00e9 et la grande vari\u00e9t\u00e9 de produits qui y sont servis ne vous laisseront pas indiff\u00e9rents. Des pizzas artisanales, des menus pour adultes et enfants, des sandwichs, des salades, des hamburgers et des hot-dogs, des cr\u00eapes et des gaufres&#8230;et bien plus encore ![\/vc_column_text][\/vc_column][vc_column width=\u00a0\u00bb1\/2&Prime;][vc_single_image image=\u00a0\u00bb2454&Prime; img_size=\u00a0\u00bbfull\u00a0\u00bb alignment=\u00a0\u00bbcenter\u00a0\u00bb][vc_column_text el_class=\u00a0\u00bbtit_punto\u00a0\u00bb]ZONE PR\u00c9F\u00c9RENTIELLE[\/vc_column_text][vc_column_text el_class=\u00a0\u00bbsubtit_punto\u00a0\u00bb]Nous offrons aux clients souhaitant un peu plus d\u2019exclusivit\u00e9, une nouvelle zone pr\u00e9f\u00e9rentielle o\u00f9 ils disposeront d\u2019un espace avec parasol \u00e9quip\u00e9 de 2 chaises longues, une table d\u2019appoint et un casier. Cette zone, garnie de pelouse, est situ\u00e9e en plein centre du parc, juste en face des principaux toboggans et offre les meilleures vues sur le parc.[\/vc_column_text][\/vc_column][\/vc_row][vc_row equal_height=\u00a0\u00bbyes\u00a0\u00bb css_animation=\u00a0\u00bbfadeIn\u00a0\u00bb el_class=\u00a0\u00bbservicios_\u00a0\u00bb css=\u00a0\u00bb.vc_custom_1635166213039{margin-bottom: 30px !important;}\u00a0\u00bb][vc_column width=\u00a0\u00bb1\/2&Prime;][vc_single_image image=\u00a0\u00bb2357&Prime; img_size=\u00a0\u00bbfull\u00a0\u00bb alignment=\u00a0\u00bbcenter\u00a0\u00bb][vc_column_text css=\u00a0\u00bb\u00a0\u00bb el_class=\u00a0\u00bbtit_punto\u00a0\u00bb]ZONA VIP (pour 5 personnes)[\/vc_column_text][vc_column_text css=\u00a0\u00bb\u00a0\u00bb el_class=\u00a0\u00bbsubtit_punto\u00a0\u00bb]Pour ceux qui souhaitent disposer d&rsquo;un espace plus r\u00e9serv\u00e9, il existe la zone VIP du Guadalpark, une zone isol\u00e9e et privil\u00e9gi\u00e9e du parc. Vous pourrez vous y allonger confortablement au soleil ou \u00e0 l&rsquo;ombre dans une atmosph\u00e8re exclusive et distingu\u00e9e. Le prix est valable pour un maximum de 5 personnes, vous pouvez le r\u00e9server en ligne ou dans les installations du magasin du parc.<br \/>\nNE COMPREND PAS L&rsquo;ENTR\u00c9E AU PARC.<br \/>\nVous ne pouvez r\u00e9server l&rsquo;espace VIP que si vous \u00eates d\u00e9j\u00e0 en possession de votre billet.[\/vc_column_text][\/vc_column][vc_column width=\u00a0\u00bb1\/2&Prime;][vc_single_image image=\u00a0\u00bb2307&Prime; img_size=\u00a0\u00bbfull\u00a0\u00bb alignment=\u00a0\u00bbcenter\u00a0\u00bb][vc_column_text el_class=\u00a0\u00bbtit_punto\u00a0\u00bb]BOUTIQUE[\/vc_column_text][vc_column_text el_class=\u00a0\u00bbsubtit_punto\u00a0\u00bb]Si vous avez oubli\u00e9 quelque chose \u00e0 la maison, ne vous inqui\u00e9tez pas. Notre magasin dispose de tout ce dont vous avez besoin pour passer la journ\u00e9e au parc : serviettes, maillots de bain, cr\u00e8me solaire&#8230; Et pour ne pas oublier votre s\u00e9jour, pensez \u00e0 acheter un souvenir ![\/vc_column_text][\/vc_column][\/vc_row][vc_row equal_height=\u00a0\u00bbyes\u00a0\u00bb css_animation=\u00a0\u00bbfadeIn\u00a0\u00bb el_class=\u00a0\u00bbservicios_\u00a0\u00bb css=\u00a0\u00bb.vc_custom_1635166225229{margin-bottom: 30px !important;}\u00a0\u00bb][vc_column width=\u00a0\u00bb1\/2&Prime;][vc_single_image image=\u00a0\u00bb2304&Prime; img_size=\u00a0\u00bbfull\u00a0\u00bb alignment=\u00a0\u00bbcenter\u00a0\u00bb][vc_column_text el_class=\u00a0\u00bbtit_punto\u00a0\u00bb]SERVICE M\u00c9DICAL[\/vc_column_text][vc_column_text el_class=\u00a0\u00bbsubtit_punto\u00a0\u00bb]Votre journ\u00e9e au parc aquatique sera une exp\u00e9rience s\u00fbre et s\u00e9curitaire, nous avons une \u00e9quipe de ma\u00eetres-nageurs de premier rang. Mais si un accident survient, un m\u00e9decin et une infirmi\u00e8re de permanence seront l\u00e0 pour vous prendre en charge, tout au long de la journ\u00e9e. Notre souhait est que nos clients puissent profiter de nos installations en toute s\u00e9r\u00e9nit\u00e9 et dans la plus grande s\u00e9curit\u00e9.[\/vc_column_text][\/vc_column][vc_column width=\u00a0\u00bb1\/2&Prime;][\/vc_column][\/vc_row]<\/p>\n<\/div>","protected":false},"excerpt":{"rendered":"<p>[vc_row full_width=\u00a0\u00bbstretch_row\u00a0\u00bb css=\u00a0\u00bb.vc_custom_1640249807097{background-image: url(https:\/\/guadalpark.com\/wp-content\/uploads\/2021\/12\/banners-1920&#215;495-grupos6-min.png?id=2202) !important;background-position: center !important;background-repeat: no-repeat !important;background-size: cover !important;}\u00a0\u00bb el_class=\u00a0\u00bbbg_\u00a0\u00bb][vc_column][vc_column_text el_class=\u00a0\u00bbh1&Prime;] NOS SERVICES [\/vc_column_text][\/vc_column][\/vc_row][vc_row][vc_column][vc_column_text el_class=\u00a0\u00bbtext_2&Prime;]Au Guadalpark, nous avons \u00e0 c\u0153ur de penser \u00e0 tout. Pour cette raison, nous vous proposons une grande vari\u00e9t\u00e9 de services afin de rendre votre s\u00e9jour le plus confortable et simple possible. Depuis une boutique, o\u00f9 acheter tout ce &#8230; <a title=\"Nos Services\" class=\"read-more\" href=\"https:\/\/guadalpark.com\/fr\/nos-services\/\" aria-label=\"En savoir plus sur Nos Services\">Lire la suite<\/a><\/p>\n","protected":false},"author":1,"featured_media":0,"parent":0,"menu_order":0,"comment_status":"closed","ping_status":"closed","template":"","meta":{"footnotes":""},"class_list":["post-2530","page","type-page","status-publish"],"yoast_head":"<!-- This site is optimized with the Yoast SEO plugin v27.4 - https:\/\/yoast.com\/product\/yoast-seo-wordpress\/ -->\n<title>\u25b7 Servicios Parque Acu\u00e1tico Sevilla | Guadalpark Sevilla \u00a9<\/title>\n<meta name=\"description\" content=\"Ven a Guadalpark Sevilla \u2b50 Disfruta todos los servicios. Tienda | Alquiler flotadores | Consignas | Tumbonas | Zona VIP... \u27a4 \u00a1Reserva tus entradas!\" \/>\n<meta name=\"robots\" content=\"index, follow, max-snippet:-1, max-image-preview:large, max-video-preview:-1\" \/>\n<link rel=\"canonical\" href=\"https:\/\/guadalpark.com\/fr\/nos-services\/\" \/>\n<meta property=\"og:locale\" content=\"fr_FR\" \/>\n<meta property=\"og:type\" content=\"article\" \/>\n<meta property=\"og:title\" content=\"\u25b7 Servicios Parque Acu\u00e1tico Sevilla | Guadalpark Sevilla \u00a9\" \/>\n<meta property=\"og:description\" content=\"Ven a Guadalpark Sevilla \u2b50 Disfruta todos los servicios. Tienda | Alquiler flotadores | Consignas | Tumbonas | Zona VIP... \u27a4 \u00a1Reserva tus entradas!\" \/>\n<meta property=\"og:url\" content=\"https:\/\/guadalpark.com\/fr\/nos-services\/\" \/>\n<meta property=\"og:site_name\" content=\"Guadalpark Sevilla\" \/>\n<meta property=\"article:modified_time\" content=\"2025-02-10T13:02:39+00:00\" \/>\n<meta name=\"twitter:card\" content=\"summary_large_image\" \/>\n<meta name=\"twitter:label1\" content=\"Dur\u00e9e de lecture estim\u00e9e\" \/>\n\t<meta name=\"twitter:data1\" content=\"6 minutes\" \/>\n<script type=\"application\/ld+json\" class=\"yoast-schema-graph\">{\"@context\":\"https:\\\/\\\/schema.org\",\"@graph\":[{\"@type\":\"WebPage\",\"@id\":\"https:\\\/\\\/guadalpark.com\\\/fr\\\/nos-services\\\/\",\"url\":\"https:\\\/\\\/guadalpark.com\\\/fr\\\/nos-services\\\/\",\"name\":\"\u25b7 Servicios Parque Acu\u00e1tico Sevilla | Guadalpark Sevilla \u00a9\",\"isPartOf\":{\"@id\":\"https:\\\/\\\/guadalpark.com\\\/#website\"},\"datePublished\":\"2022-02-18T10:35:21+00:00\",\"dateModified\":\"2025-02-10T13:02:39+00:00\",\"description\":\"Ven a Guadalpark Sevilla \u2b50 Disfruta todos los servicios. Tienda | Alquiler flotadores | Consignas | Tumbonas | Zona VIP... \u27a4 \u00a1Reserva tus entradas!\",\"breadcrumb\":{\"@id\":\"https:\\\/\\\/guadalpark.com\\\/fr\\\/nos-services\\\/#breadcrumb\"},\"inLanguage\":\"fr-FR\",\"potentialAction\":[{\"@type\":\"ReadAction\",\"target\":[\"https:\\\/\\\/guadalpark.com\\\/fr\\\/nos-services\\\/\"]}]},{\"@type\":\"BreadcrumbList\",\"@id\":\"https:\\\/\\\/guadalpark.com\\\/fr\\\/nos-services\\\/#breadcrumb\",\"itemListElement\":[{\"@type\":\"ListItem\",\"position\":1,\"name\":\"Portada\",\"item\":\"https:\\\/\\\/guadalpark.com\\\/fr\\\/\"},{\"@type\":\"ListItem\",\"position\":2,\"name\":\"Nos Services\"}]},{\"@type\":\"WebSite\",\"@id\":\"https:\\\/\\\/guadalpark.com\\\/#website\",\"url\":\"https:\\\/\\\/guadalpark.com\\\/\",\"name\":\"Guadalpark Sevilla\",\"description\":\"Otro sitio realizado con WordPress\",\"publisher\":{\"@id\":\"https:\\\/\\\/guadalpark.com\\\/#organization\"},\"potentialAction\":[{\"@type\":\"SearchAction\",\"target\":{\"@type\":\"EntryPoint\",\"urlTemplate\":\"https:\\\/\\\/guadalpark.com\\\/?s={search_term_string}\"},\"query-input\":{\"@type\":\"PropertyValueSpecification\",\"valueRequired\":true,\"valueName\":\"search_term_string\"}}],\"inLanguage\":\"fr-FR\"},{\"@type\":\"Organization\",\"@id\":\"https:\\\/\\\/guadalpark.com\\\/#organization\",\"name\":\"Guadalpark Sevilla\",\"url\":\"https:\\\/\\\/guadalpark.com\\\/\",\"logo\":{\"@type\":\"ImageObject\",\"inLanguage\":\"fr-FR\",\"@id\":\"https:\\\/\\\/guadalpark.com\\\/#\\\/schema\\\/logo\\\/image\\\/\",\"url\":\"https:\\\/\\\/guadalpark.com\\\/wp-content\\\/uploads\\\/2021\\\/10\\\/logo_ag-1.png\",\"contentUrl\":\"https:\\\/\\\/guadalpark.com\\\/wp-content\\\/uploads\\\/2021\\\/10\\\/logo_ag-1.png\",\"width\":580,\"height\":256,\"caption\":\"Guadalpark Sevilla\"},\"image\":{\"@id\":\"https:\\\/\\\/guadalpark.com\\\/#\\\/schema\\\/logo\\\/image\\\/\"}}]}<\/script>\n<!-- \/ Yoast SEO plugin. -->","yoast_head_json":{"title":"\u25b7 Servicios Parque Acu\u00e1tico Sevilla | Guadalpark Sevilla \u00a9","description":"Ven a Guadalpark Sevilla \u2b50 Disfruta todos los servicios. Tienda | Alquiler flotadores | Consignas | Tumbonas | Zona VIP... \u27a4 \u00a1Reserva tus entradas!","robots":{"index":"index","follow":"follow","max-snippet":"max-snippet:-1","max-image-preview":"max-image-preview:large","max-video-preview":"max-video-preview:-1"},"canonical":"https:\/\/guadalpark.com\/fr\/nos-services\/","og_locale":"fr_FR","og_type":"article","og_title":"\u25b7 Servicios Parque Acu\u00e1tico Sevilla | Guadalpark Sevilla \u00a9","og_description":"Ven a Guadalpark Sevilla \u2b50 Disfruta todos los servicios. Tienda | Alquiler flotadores | Consignas | Tumbonas | Zona VIP... \u27a4 \u00a1Reserva tus entradas!","og_url":"https:\/\/guadalpark.com\/fr\/nos-services\/","og_site_name":"Guadalpark Sevilla","article_modified_time":"2025-02-10T13:02:39+00:00","twitter_card":"summary_large_image","twitter_misc":{"Dur\u00e9e de lecture estim\u00e9e":"6 minutes"},"schema":{"@context":"https:\/\/schema.org","@graph":[{"@type":"WebPage","@id":"https:\/\/guadalpark.com\/fr\/nos-services\/","url":"https:\/\/guadalpark.com\/fr\/nos-services\/","name":"\u25b7 Servicios Parque Acu\u00e1tico Sevilla | Guadalpark Sevilla \u00a9","isPartOf":{"@id":"https:\/\/guadalpark.com\/#website"},"datePublished":"2022-02-18T10:35:21+00:00","dateModified":"2025-02-10T13:02:39+00:00","description":"Ven a Guadalpark Sevilla \u2b50 Disfruta todos los servicios. Tienda | Alquiler flotadores | Consignas | Tumbonas | Zona VIP... \u27a4 \u00a1Reserva tus entradas!","breadcrumb":{"@id":"https:\/\/guadalpark.com\/fr\/nos-services\/#breadcrumb"},"inLanguage":"fr-FR","potentialAction":[{"@type":"ReadAction","target":["https:\/\/guadalpark.com\/fr\/nos-services\/"]}]},{"@type":"BreadcrumbList","@id":"https:\/\/guadalpark.com\/fr\/nos-services\/#breadcrumb","itemListElement":[{"@type":"ListItem","position":1,"name":"Portada","item":"https:\/\/guadalpark.com\/fr\/"},{"@type":"ListItem","position":2,"name":"Nos Services"}]},{"@type":"WebSite","@id":"https:\/\/guadalpark.com\/#website","url":"https:\/\/guadalpark.com\/","name":"Guadalpark Sevilla","description":"Otro sitio realizado con WordPress","publisher":{"@id":"https:\/\/guadalpark.com\/#organization"},"potentialAction":[{"@type":"SearchAction","target":{"@type":"EntryPoint","urlTemplate":"https:\/\/guadalpark.com\/?s={search_term_string}"},"query-input":{"@type":"PropertyValueSpecification","valueRequired":true,"valueName":"search_term_string"}}],"inLanguage":"fr-FR"},{"@type":"Organization","@id":"https:\/\/guadalpark.com\/#organization","name":"Guadalpark Sevilla","url":"https:\/\/guadalpark.com\/","logo":{"@type":"ImageObject","inLanguage":"fr-FR","@id":"https:\/\/guadalpark.com\/#\/schema\/logo\/image\/","url":"https:\/\/guadalpark.com\/wp-content\/uploads\/2021\/10\/logo_ag-1.png","contentUrl":"https:\/\/guadalpark.com\/wp-content\/uploads\/2021\/10\/logo_ag-1.png","width":580,"height":256,"caption":"Guadalpark Sevilla"},"image":{"@id":"https:\/\/guadalpark.com\/#\/schema\/logo\/image\/"}}]}},"_links":{"self":[{"href":"https:\/\/guadalpark.com\/fr\/wp-json\/wp\/v2\/pages\/2530","targetHints":{"allow":["GET"]}}],"collection":[{"href":"https:\/\/guadalpark.com\/fr\/wp-json\/wp\/v2\/pages"}],"about":[{"href":"https:\/\/guadalpark.com\/fr\/wp-json\/wp\/v2\/types\/page"}],"author":[{"embeddable":true,"href":"https:\/\/guadalpark.com\/fr\/wp-json\/wp\/v2\/users\/1"}],"replies":[{"embeddable":true,"href":"https:\/\/guadalpark.com\/fr\/wp-json\/wp\/v2\/comments?post=2530"}],"version-history":[{"count":12,"href":"https:\/\/guadalpark.com\/fr\/wp-json\/wp\/v2\/pages\/2530\/revisions"}],"predecessor-version":[{"id":3362,"href":"https:\/\/guadalpark.com\/fr\/wp-json\/wp\/v2\/pages\/2530\/revisions\/3362"}],"wp:attachment":[{"href":"https:\/\/guadalpark.com\/fr\/wp-json\/wp\/v2\/media?parent=2530"}],"curies":[{"name":"wp","href":"https:\/\/api.w.org\/{rel}","templated":true}]}}