{"id":2536,"date":"2022-02-21T09:16:13","date_gmt":"2022-02-21T09:16:13","guid":{"rendered":"https:\/\/guadalpark.com\/restaurantes\/"},"modified":"2024-04-18T12:07:07","modified_gmt":"2024-04-18T12:07:07","slug":"restaurants","status":"publish","type":"page","link":"https:\/\/guadalpark.com\/fr\/restaurants\/","title":{"rendered":"Restaurants"},"content":{"rendered":"<div class=\"wpb-content-wrapper\"><p>[vc_row full_width=\u00a0\u00bbstretch_row\u00a0\u00bb css=\u00a0\u00bb.vc_custom_1640249691776{background-image: url(https:\/\/guadalpark.com\/wp-content\/uploads\/2021\/12\/banners-1920&#215;495-grupos3-min.png?id=2198) !important;background-position: center !important;background-repeat: no-repeat !important;background-size: cover !important;}\u00a0\u00bb el_class=\u00a0\u00bbbg_\u00a0\u00bb][vc_column][vc_column_text el_class=\u00a0\u00bbh1&Prime;]<\/p>\n<p style=\"text-align: center;\">RESTAURANTS<\/p>\n<p>[\/vc_column_text][\/vc_column][\/vc_row][vc_row][vc_column][vc_column_text el_class=\u00a0\u00bbtext_2&Prime;]Le Guadalpark dispose d\u2019une large gamme de bars et de restaurants, o\u00f9 la qualit\u00e9 et la grande vari\u00e9t\u00e9 de produits offerts ne vous laisseront pas indiff\u00e9rents. Des pizzas artisanales, des menus pour adultes et enfants, des sandwichs, des salades, des hamburgers et des hot-dogs, des cr\u00eapes et des gaufres&#8230;et bien plus encore![\/vc_column_text][\/vc_column][\/vc_row][vc_row equal_height=\u00a0\u00bbyes\u00a0\u00bb css_animation=\u00a0\u00bbfadeIn\u00a0\u00bb el_class=\u00a0\u00bbservicios_\u00a0\u00bb css=\u00a0\u00bb.vc_custom_1635166213039{margin-bottom: 30px !important;}\u00a0\u00bb][vc_column width=\u00a0\u00bb1\/2&Prime;][vc_single_image image=\u00a0\u00bb2951&Prime; img_size=\u00a0\u00bbfull\u00a0\u00bb alignment=\u00a0\u00bbcenter\u00a0\u00bb][vc_column_text el_class=\u00a0\u00bbtit_punto\u00a0\u00bb]KEBAB (NOUVEAU)[\/vc_column_text][vc_column_text el_class=\u00a0\u00bbsubtit_punto\u00a0\u00bb]D\u00e9gustez de d\u00e9licieux kebab et durum dans notre nouveau stand de restauration, situ\u00e9 dans la partie centrale du parc.[\/vc_column_text][\/vc_column][vc_column width=\u00a0\u00bb1\/2&Prime;][vc_single_image image=\u00a0\u00bb2456&Prime; img_size=\u00a0\u00bbfull\u00a0\u00bb alignment=\u00a0\u00bbcenter\u00a0\u00bb][vc_column_text el_class=\u00a0\u00bbtit_punto\u00a0\u00bb]BARBECUE (NOUVEAU)[\/vc_column_text][vc_column_text el_class=\u00a0\u00bbsubtit_punto\u00a0\u00bb]Si vous voulez manger diff\u00e9remment qu\u2019au fast-food, rendez-vous dans notre restaurant Barbecue, o\u00f9 vous d\u00e9gusterez des viandes grill\u00e9es, des poissons frits, des salades, etc. Ce nouveau restaurant vous surprendra, en plus de sa cuisine, pour sa nouvelle d\u00e9co : un endroit original qui vous s\u00e9duira \u00e0 coup s\u00fbr.[\/vc_column_text][\/vc_column][\/vc_row][vc_row equal_height=\u00a0\u00bbyes\u00a0\u00bb css_animation=\u00a0\u00bbfadeIn\u00a0\u00bb el_class=\u00a0\u00bbservicios_\u00a0\u00bb css=\u00a0\u00bb.vc_custom_1635166213039{margin-bottom: 30px !important;}\u00a0\u00bb][vc_column width=\u00a0\u00bb1\/2&Prime;][vc_single_image image=\u00a0\u00bb2457&Prime; img_size=\u00a0\u00bbfull\u00a0\u00bb alignment=\u00a0\u00bbcenter\u00a0\u00bb][vc_column_text el_class=\u00a0\u00bbtit_punto\u00a0\u00bb]BURGUER[\/vc_column_text][vc_column_text el_class=\u00a0\u00bbsubtit_punto\u00a0\u00bb]Go\u00fbtez nos d\u00e9licieux hamburgers ou hot-dogs, accompagn\u00e9s de frites croustillantes, de nuggets de poulet ou de rondelles d\u2019oignon, le tout assaisonn\u00e9 avec l\u2019assortiment de sauces et d\u2019accessoires le plus complet pour garantir un repas parfait.[\/vc_column_text][\/vc_column][vc_column width=\u00a0\u00bb1\/2&Prime;][vc_single_image image=\u00a0\u00bb2458&Prime; img_size=\u00a0\u00bbfull\u00a0\u00bb alignment=\u00a0\u00bbcenter\u00a0\u00bb][vc_column_text el_class=\u00a0\u00bbtit_punto\u00a0\u00bb]PIZZERIA-SANDWICHERIE[\/vc_column_text][vc_column_text el_class=\u00a0\u00bbsubtit_punto\u00a0\u00bb]Go\u00fbtez nos pizzas de style maison, nos sandwichs assortis et nos menus enfants avec les plus d\u00e9licieuses pommes de terre de tout le parc. Nous disposons de menus familiaux con\u00e7us pour reprendre des forces rapidement et continuer \u00e0 profiter du parc, sans perdre de temps.[\/vc_column_text][\/vc_column][\/vc_row][vc_row equal_height=\u00a0\u00bbyes\u00a0\u00bb css_animation=\u00a0\u00bbfadeIn\u00a0\u00bb el_class=\u00a0\u00bbservicios_\u00a0\u00bb css=\u00a0\u00bb.vc_custom_1635166219639{margin-bottom: 30px !important;}\u00a0\u00bb][vc_column width=\u00a0\u00bb1\/2&Prime;][vc_single_image image=\u00a0\u00bb2459&Prime; img_size=\u00a0\u00bbfull\u00a0\u00bb alignment=\u00a0\u00bbcenter\u00a0\u00bb][vc_column_text el_class=\u00a0\u00bbtit_punto\u00a0\u00bb]CR\u00caPES ET BEIGNETS [\/vc_column_text][vc_column_text el_class=\u00a0\u00bbsubtit_punto\u00a0\u00bb]Pour les \u00ab\u00a0accros\u00a0\u00bb aux sucreries et pour les collations des plus petits, nous servons de d\u00e9licieuses cr\u00eapes au chocolat et des beignets fra\u00eechement pr\u00e9par\u00e9s, accompagn\u00e9s de votre garniture pr\u00e9f\u00e9r\u00e9e. Rien que l\u2019odeur donne faim![\/vc_column_text][\/vc_column][vc_column width=\u00a0\u00bb1\/2&Prime;][vc_single_image image=\u00a0\u00bb2460&Prime; img_size=\u00a0\u00bbfull\u00a0\u00bb alignment=\u00a0\u00bbcenter\u00a0\u00bb][vc_column_text el_class=\u00a0\u00bbtit_punto\u00a0\u00bb]GLACIER[\/vc_column_text][vc_column_text el_class=\u00a0\u00bbsubtit_punto\u00a0\u00bb]Dans notre kiosque \u00e0 glaces et \u00e0 granit\u00e9s, vous d\u00e9gusterez glaces, gaufres et granit\u00e9s de tous les parfums : l\u2019endroit id\u00e9al pour se faire un petit plaisir.[\/vc_column_text][\/vc_column][\/vc_row]<\/p>\n<\/div>","protected":false},"excerpt":{"rendered":"<p>[vc_row full_width=\u00a0\u00bbstretch_row\u00a0\u00bb css=\u00a0\u00bb.vc_custom_1640249691776{background-image: url(https:\/\/guadalpark.com\/wp-content\/uploads\/2021\/12\/banners-1920&#215;495-grupos3-min.png?id=2198) !important;background-position: center !important;background-repeat: no-repeat !important;background-size: cover !important;}\u00a0\u00bb el_class=\u00a0\u00bbbg_\u00a0\u00bb][vc_column][vc_column_text el_class=\u00a0\u00bbh1&Prime;] RESTAURANTS [\/vc_column_text][\/vc_column][\/vc_row][vc_row][vc_column][vc_column_text el_class=\u00a0\u00bbtext_2&Prime;]Le Guadalpark dispose d\u2019une large gamme de bars et de restaurants, o\u00f9 la qualit\u00e9 et la grande vari\u00e9t\u00e9 de produits offerts ne vous laisseront pas indiff\u00e9rents. Des pizzas artisanales, des menus pour adultes et enfants, des sandwichs, des salades, des &#8230; <a title=\"Restaurants\" class=\"read-more\" href=\"https:\/\/guadalpark.com\/fr\/restaurants\/\" aria-label=\"En savoir plus sur Restaurants\">Lire la suite<\/a><\/p>\n","protected":false},"author":1,"featured_media":0,"parent":0,"menu_order":0,"comment_status":"closed","ping_status":"closed","template":"","meta":{"footnotes":""},"class_list":["post-2536","page","type-page","status-publish"],"yoast_head":"<!-- This site is optimized with the Yoast SEO plugin v27.6 - https:\/\/yoast.com\/product\/yoast-seo-wordpress\/ -->\n<title>\u25b7 Restaurantes Parque Acu\u00e1tico Sevilla | Guadalpark Sevilla \u00a9<\/title>\n<meta name=\"description\" content=\"Ven a Guadalpark Sevilla \u2b50 Disfruta todos los servicios de restauraci\u00f3n de nuestro parque acu\u00e1tico \u27a4 \u00a1Reserva tus entradas!\" \/>\n<meta name=\"robots\" content=\"index, follow, max-snippet:-1, max-image-preview:large, max-video-preview:-1\" \/>\n<link rel=\"canonical\" href=\"https:\/\/guadalpark.com\/fr\/restaurants\/\" \/>\n<meta property=\"og:locale\" content=\"fr_FR\" \/>\n<meta property=\"og:type\" content=\"article\" \/>\n<meta property=\"og:title\" content=\"\u25b7 Restaurantes Parque Acu\u00e1tico Sevilla | Guadalpark Sevilla \u00a9\" \/>\n<meta property=\"og:description\" content=\"Ven a Guadalpark Sevilla \u2b50 Disfruta todos los servicios de restauraci\u00f3n de nuestro parque acu\u00e1tico \u27a4 \u00a1Reserva tus entradas!\" \/>\n<meta property=\"og:url\" content=\"https:\/\/guadalpark.com\/fr\/restaurants\/\" \/>\n<meta property=\"og:site_name\" content=\"Guadalpark Sevilla\" \/>\n<meta property=\"article:modified_time\" content=\"2024-04-18T12:07:07+00:00\" \/>\n<meta name=\"twitter:card\" content=\"summary_large_image\" \/>\n<meta name=\"twitter:label1\" content=\"Dur\u00e9e de lecture estim\u00e9e\" \/>\n\t<meta name=\"twitter:data1\" content=\"3 minutes\" \/>\n<script type=\"application\/ld+json\" class=\"yoast-schema-graph\">{\"@context\":\"https:\\\/\\\/schema.org\",\"@graph\":[{\"@type\":\"WebPage\",\"@id\":\"https:\\\/\\\/guadalpark.com\\\/fr\\\/restaurants\\\/\",\"url\":\"https:\\\/\\\/guadalpark.com\\\/fr\\\/restaurants\\\/\",\"name\":\"\u25b7 Restaurantes Parque Acu\u00e1tico Sevilla | Guadalpark Sevilla \u00a9\",\"isPartOf\":{\"@id\":\"https:\\\/\\\/guadalpark.com\\\/#website\"},\"datePublished\":\"2022-02-21T09:16:13+00:00\",\"dateModified\":\"2024-04-18T12:07:07+00:00\",\"description\":\"Ven a Guadalpark Sevilla \u2b50 Disfruta todos los servicios de restauraci\u00f3n de nuestro parque acu\u00e1tico \u27a4 \u00a1Reserva tus entradas!\",\"breadcrumb\":{\"@id\":\"https:\\\/\\\/guadalpark.com\\\/fr\\\/restaurants\\\/#breadcrumb\"},\"inLanguage\":\"fr-FR\",\"potentialAction\":[{\"@type\":\"ReadAction\",\"target\":[\"https:\\\/\\\/guadalpark.com\\\/fr\\\/restaurants\\\/\"]}]},{\"@type\":\"BreadcrumbList\",\"@id\":\"https:\\\/\\\/guadalpark.com\\\/fr\\\/restaurants\\\/#breadcrumb\",\"itemListElement\":[{\"@type\":\"ListItem\",\"position\":1,\"name\":\"Portada\",\"item\":\"https:\\\/\\\/guadalpark.com\\\/fr\\\/\"},{\"@type\":\"ListItem\",\"position\":2,\"name\":\"Restaurants\"}]},{\"@type\":\"WebSite\",\"@id\":\"https:\\\/\\\/guadalpark.com\\\/#website\",\"url\":\"https:\\\/\\\/guadalpark.com\\\/\",\"name\":\"Guadalpark Sevilla\",\"description\":\"Otro sitio realizado con WordPress\",\"publisher\":{\"@id\":\"https:\\\/\\\/guadalpark.com\\\/#organization\"},\"potentialAction\":[{\"@type\":\"SearchAction\",\"target\":{\"@type\":\"EntryPoint\",\"urlTemplate\":\"https:\\\/\\\/guadalpark.com\\\/?s={search_term_string}\"},\"query-input\":{\"@type\":\"PropertyValueSpecification\",\"valueRequired\":true,\"valueName\":\"search_term_string\"}}],\"inLanguage\":\"fr-FR\"},{\"@type\":\"Organization\",\"@id\":\"https:\\\/\\\/guadalpark.com\\\/#organization\",\"name\":\"Guadalpark Sevilla\",\"url\":\"https:\\\/\\\/guadalpark.com\\\/\",\"logo\":{\"@type\":\"ImageObject\",\"inLanguage\":\"fr-FR\",\"@id\":\"https:\\\/\\\/guadalpark.com\\\/#\\\/schema\\\/logo\\\/image\\\/\",\"url\":\"https:\\\/\\\/guadalpark.com\\\/wp-content\\\/uploads\\\/2021\\\/10\\\/logo_ag-1.png\",\"contentUrl\":\"https:\\\/\\\/guadalpark.com\\\/wp-content\\\/uploads\\\/2021\\\/10\\\/logo_ag-1.png\",\"width\":580,\"height\":256,\"caption\":\"Guadalpark Sevilla\"},\"image\":{\"@id\":\"https:\\\/\\\/guadalpark.com\\\/#\\\/schema\\\/logo\\\/image\\\/\"}}]}<\/script>\n<!-- \/ Yoast SEO plugin. -->","yoast_head_json":{"title":"\u25b7 Restaurantes Parque Acu\u00e1tico Sevilla | Guadalpark Sevilla \u00a9","description":"Ven a Guadalpark Sevilla \u2b50 Disfruta todos los servicios de restauraci\u00f3n de nuestro parque acu\u00e1tico \u27a4 \u00a1Reserva tus entradas!","robots":{"index":"index","follow":"follow","max-snippet":"max-snippet:-1","max-image-preview":"max-image-preview:large","max-video-preview":"max-video-preview:-1"},"canonical":"https:\/\/guadalpark.com\/fr\/restaurants\/","og_locale":"fr_FR","og_type":"article","og_title":"\u25b7 Restaurantes Parque Acu\u00e1tico Sevilla | Guadalpark Sevilla \u00a9","og_description":"Ven a Guadalpark Sevilla \u2b50 Disfruta todos los servicios de restauraci\u00f3n de nuestro parque acu\u00e1tico \u27a4 \u00a1Reserva tus entradas!","og_url":"https:\/\/guadalpark.com\/fr\/restaurants\/","og_site_name":"Guadalpark Sevilla","article_modified_time":"2024-04-18T12:07:07+00:00","twitter_card":"summary_large_image","twitter_misc":{"Dur\u00e9e de lecture estim\u00e9e":"3 minutes"},"schema":{"@context":"https:\/\/schema.org","@graph":[{"@type":"WebPage","@id":"https:\/\/guadalpark.com\/fr\/restaurants\/","url":"https:\/\/guadalpark.com\/fr\/restaurants\/","name":"\u25b7 Restaurantes Parque Acu\u00e1tico Sevilla | Guadalpark Sevilla \u00a9","isPartOf":{"@id":"https:\/\/guadalpark.com\/#website"},"datePublished":"2022-02-21T09:16:13+00:00","dateModified":"2024-04-18T12:07:07+00:00","description":"Ven a Guadalpark Sevilla \u2b50 Disfruta todos los servicios de restauraci\u00f3n de nuestro parque acu\u00e1tico \u27a4 \u00a1Reserva tus entradas!","breadcrumb":{"@id":"https:\/\/guadalpark.com\/fr\/restaurants\/#breadcrumb"},"inLanguage":"fr-FR","potentialAction":[{"@type":"ReadAction","target":["https:\/\/guadalpark.com\/fr\/restaurants\/"]}]},{"@type":"BreadcrumbList","@id":"https:\/\/guadalpark.com\/fr\/restaurants\/#breadcrumb","itemListElement":[{"@type":"ListItem","position":1,"name":"Portada","item":"https:\/\/guadalpark.com\/fr\/"},{"@type":"ListItem","position":2,"name":"Restaurants"}]},{"@type":"WebSite","@id":"https:\/\/guadalpark.com\/#website","url":"https:\/\/guadalpark.com\/","name":"Guadalpark Sevilla","description":"Otro sitio realizado con WordPress","publisher":{"@id":"https:\/\/guadalpark.com\/#organization"},"potentialAction":[{"@type":"SearchAction","target":{"@type":"EntryPoint","urlTemplate":"https:\/\/guadalpark.com\/?s={search_term_string}"},"query-input":{"@type":"PropertyValueSpecification","valueRequired":true,"valueName":"search_term_string"}}],"inLanguage":"fr-FR"},{"@type":"Organization","@id":"https:\/\/guadalpark.com\/#organization","name":"Guadalpark Sevilla","url":"https:\/\/guadalpark.com\/","logo":{"@type":"ImageObject","inLanguage":"fr-FR","@id":"https:\/\/guadalpark.com\/#\/schema\/logo\/image\/","url":"https:\/\/guadalpark.com\/wp-content\/uploads\/2021\/10\/logo_ag-1.png","contentUrl":"https:\/\/guadalpark.com\/wp-content\/uploads\/2021\/10\/logo_ag-1.png","width":580,"height":256,"caption":"Guadalpark Sevilla"},"image":{"@id":"https:\/\/guadalpark.com\/#\/schema\/logo\/image\/"}}]}},"_links":{"self":[{"href":"https:\/\/guadalpark.com\/fr\/wp-json\/wp\/v2\/pages\/2536","targetHints":{"allow":["GET"]}}],"collection":[{"href":"https:\/\/guadalpark.com\/fr\/wp-json\/wp\/v2\/pages"}],"about":[{"href":"https:\/\/guadalpark.com\/fr\/wp-json\/wp\/v2\/types\/page"}],"author":[{"embeddable":true,"href":"https:\/\/guadalpark.com\/fr\/wp-json\/wp\/v2\/users\/1"}],"replies":[{"embeddable":true,"href":"https:\/\/guadalpark.com\/fr\/wp-json\/wp\/v2\/comments?post=2536"}],"version-history":[{"count":7,"href":"https:\/\/guadalpark.com\/fr\/wp-json\/wp\/v2\/pages\/2536\/revisions"}],"predecessor-version":[{"id":3104,"href":"https:\/\/guadalpark.com\/fr\/wp-json\/wp\/v2\/pages\/2536\/revisions\/3104"}],"wp:attachment":[{"href":"https:\/\/guadalpark.com\/fr\/wp-json\/wp\/v2\/media?parent=2536"}],"curies":[{"name":"wp","href":"https:\/\/api.w.org\/{rel}","templated":true}]}}