{"id":2541,"date":"2021-10-26T13:51:48","date_gmt":"2021-10-26T13:51:48","guid":{"rendered":"https:\/\/guadalpark.com\/aviso-legal\/"},"modified":"2022-02-22T09:53:02","modified_gmt":"2022-02-22T09:53:02","slug":"mentions-legales","status":"publish","type":"page","link":"https:\/\/guadalpark.com\/fr\/mentions-legales\/","title":{"rendered":"Mentions L\u00e9gales"},"content":{"rendered":"<div class=\"wpb-content-wrapper\"><p>[vc_row full_width=\u00a0\u00bbstretch_row\u00a0\u00bb css=\u00a0\u00bb.vc_custom_1637154083158{background-image: url(https:\/\/guadalpark.com\/wp-content\/uploads\/2021\/11\/banners-1920&#215;495-grupos1.jpg?id=1470) !important;background-position: center !important;background-repeat: no-repeat !important;background-size: cover !important;}\u00a0\u00bb el_class=\u00a0\u00bbbg_\u00a0\u00bb][vc_column][vc_column_text el_class=\u00a0\u00bbh1&Prime;]MENTIONS L\u00c9GALES[\/vc_column_text][\/vc_column][\/vc_row][vc_row css=\u00a0\u00bb.vc_custom_1635256336632{margin-top: 30px !important;}\u00a0\u00bb][vc_column][vc_column_text]Ce site web est la propri\u00e9t\u00e9 de WONDER WIBIT, CIF B 06911903, dont le si\u00e8ge social est situ\u00e9 Avenue del Deporte n\u00ba 8, 41020 \u2013 S\u00e9ville.<\/p>\n<p>L\u2019adresse de contact est\u00a0<a href=\"mailto:info@guadalpark.com\"><strong>info@guadalpark.com<\/strong><\/a>\u00a0, le t\u00e9l\u00e9phone est le +34 954406622, ou en vous dirigeant \u00e0 l\u2019adresse mentionn\u00e9e.<\/p>\n<p><a href=\"https:\/\/www.guadalpark.com\/\"><strong>www.guadalpark.com<\/strong><\/a>\u00a0www.guadalpark.com a \u00e9t\u00e9 cr\u00e9\u00e9 dans le but d\u2019informer les utilisateurs int\u00e9ress\u00e9s par ses services et pour fournir une passerelle de paiement permettant l\u2019achat de billets d\u2019entr\u00e9e au GUADALPARK.<\/p>\n<p>L\u2019utilisation de ce site Web est soumise \u00e0 l\u2019acceptation pleine et enti\u00e8re, de la part de l\u2019Utilisateur, des pr\u00e9sentes Conditions G\u00e9n\u00e9rales d\u2019Utilisation, ou de celles se trouvant en vigueur au moment o\u00f9 l\u2019utilisateur acc\u00e8de au site.<\/p>\n<p>Seul l\u2019acc\u00e8s \u00e0 ce site est autoris\u00e9, ainsi que son utilisation \u00e0 des fins licites, en conformant \u00e0 tout moment son utilisation aux pr\u00e9sentes Conditions G\u00e9n\u00e9rales, \u00e0 la loi applicable le cas \u00e9ch\u00e9ant, ainsi qu\u2019\u00e0 la morale, aux bonnes m\u0153urs et \u00e0 l\u2019ordre public.<\/p>\n<p>GUADALPARK (propri\u00e9taire de ce site) se r\u00e9serve le droit de retirer l\u2019acc\u00e8s au site, sans pr\u00e9avis, \u00e0 tout utilisateur qui contreviendrait aux dispositions des pr\u00e9sentes mentions l\u00e9gales, ainsi que d\u2019informer les autorit\u00e9s comp\u00e9tentes, d\u2019activit\u00e9s pouvant constituer un d\u00e9lit.<\/p>\n<p>GUADALPARK se r\u00e9serve le droit unilat\u00e9ral de modifier \u00e0 tout moment les pr\u00e9sentes Conditions G\u00e9n\u00e9rales d\u2019Utilisation, ainsi que toute autre condition g\u00e9n\u00e9rale ou particuli\u00e8re, applicable \u00e0 son site Internet. La soci\u00e9t\u00e9 se r\u00e9serve \u00e9galement le droit de modifier \u00e0 tout moment, la pr\u00e9sentation, la configuration et l\u2019emplacement du Site, ainsi que le contenu et les conditions n\u00e9cessaires \u00e0 son utilisation.<\/p>\n<p>L\u2019Utilisateur reconna\u00eet acc\u00e9der \u00e0 ce site sous son libre consentement et sa seule responsabilit\u00e9.<\/p>\n<p>GUADALPARK se r\u00e9serve le droit d\u2019informer les autorit\u00e9s comp\u00e9tentes de toute autre utilisation qui pourrait menacer ses int\u00e9r\u00eats ou ses droits, ou constituer un d\u00e9lit.<\/p>\n<p>GUADALPARK se r\u00e9serve le droit de r\u00e9silier ce service Web \u00e0 tout moment, avec un pr\u00e9avis de 15 jours, sans autre exigence que d\u2019en faire mention dans les pr\u00e9sentes conditions.<\/p>\n<p><strong><br \/>\nClause d\u2019exclusion de responsabilit\u00e9\u00a0 <\/strong>\u00a0\u00a0\u00a0\u00a0\u00a0\u00a0\u00a0\u00a0\u00a0\u00a0\u00a0\u00a0\u00a0\u00a0\u00a0\u00a0\u00a0\u00a0\u00a0\u00a0\u00a0\u00a0\u00a0\u00a0\u00a0\u00a0\u00a0\u00a0\u00a0\u00a0\u00a0\u00a0\u00a0\u00a0\u00a0\u00a0\u00a0\u00a0\u00a0\u00a0\u00a0\u00a0\u00a0\u00a0\u00a0\u00a0\u00a0\u00a0\u00a0\u00a0\u00a0\u00a0\u00a0\u00a0\u00a0\u00a0\u00a0\u00a0\u00a0\u00a0\u00a0\u00a0\u00a0\u00a0\u00a0\u00a0\u00a0\u00a0\u00a0\u00a0\u00a0\u00a0\u00a0\u00a0\u00a0\u00a0\u00a0\u00a0\u00a0\u00a0\u00a0\u00a0\u00a0\u00a0\u00a0\u00a0\u00a0\u00a0\u00a0\u00a0\u00a0\u00a0\u00a0\u00a0\u00a0\u00a0\u00a0\u00a0\u00a0\u00a0\u00a0\u00a0\u00a0\u00a0\u00a0\u00a0\u00a0\u00a0\u00a0\u00a0\u00a0GUADALPARK ne peut garantir la disponibilit\u00e9 permanente des services offerts par ce site, ni \u00eatre tenu responsable des dommages caus\u00e9s ou pouvant survenir \u00e0 l\u2019avenir, ni des d\u00e9fauts techniques, quelle que soit leur nature, r\u00e9sultant de l\u2019utilisation des informations contenues dans ce site Web.<\/p>\n<p>WONDER WIBIT S.R.L., peut, lorsqu\u2019elle le juge opportun, apporter des corrections, des am\u00e9liorations ou des modifications aux informations contenues sur le site, sans donner lieu ni droit \u00e0 aucune r\u00e9clamation ou indemnit\u00e9, ni impliquer la reconnaissance d\u2019une quelconque responsabilit\u00e9.<\/p>\n<p>Dans le cas o\u00f9 une attaque informatique produirait des erreurs dans les informations fournies, GUADALPARK ne sera pas tenu responsable de ces erreurs, ainsi que des dommages caus\u00e9s par l\u2019utilisation des informations d\u00e9riv\u00e9es desdites erreurs.<\/p>\n<p>GUADALPARK garantit la v\u00e9racit\u00e9, la qualit\u00e9, la s\u00e9curit\u00e9 et la l\u00e9galit\u00e9 du contenu du site Web.<\/p>\n<p>WONDER WIBIT S.R.L., s\u2019engage \u00e0 respecter la v\u00e9racit\u00e9 des donn\u00e9es, \u00e0 l\u2019exception d\u2019\u00e9ventuelles erreurs typographiques, en les adaptant \u00e0 la LSSI ou \u00e0 la loi 34\/2002 sur les services de la soci\u00e9t\u00e9 de l\u2019information et du commerce \u00e9lectronique. Si vous souhaitez des informations plus d\u00e9taill\u00e9es, vous pouvez nous contacter par e-mail \u00e0 <a href=\"mailto:info@guadalpark.com\"><strong>info@guadalpark.com<\/strong><\/a><\/p>\n<p><strong><br \/>\nPropri\u00e9t\u00e9 industrielle et intellectuelle<br \/>\n<\/strong>La propri\u00e9t\u00e9 industrielle et intellectuelle de tout logo, embl\u00e8me ou tout \u00e9l\u00e9ment inclus dans la conception de ce site appartient exclusivement \u00e0 WONDER WIBIT S.R.L. L\u2019Utilisateur reconna\u00eet et accepte ces droits. Les \u00e9l\u00e9ments de ce site Web sur lesquels GUADALPARK n\u2019a pas de droits de propri\u00e9t\u00e9 intellectuelle ou industrielle, sont utilis\u00e9s avec l\u2019autorisation correspondante<\/p>\n<p>La reproduction de tout ou partie du contenu de\u00a0<a href=\"https:\/\/www.guadalpark.com\/\"><strong>www.guadalpark.com<\/strong><\/a>\u00a0est interdite, ainsi que sa transmission ou son enregistrement par tout syst\u00e8me de r\u00e9cup\u00e9ration d\u2019information, sous quelque forme ou par quelque moyen que ce soit, sauf autorisation \u00e9crite pr\u00e9alable de GUADALPARK.<\/p>\n<p>Il est interdit de se soustraire aux droits de reproduction de GUADALPARK, ainsi que de se soustraire ou d\u2019essayer de se soustraire des syst\u00e8mes existants ou pouvant exister concernant la protection des contenus. Le droit de citation est autoris\u00e9 \u00e0 condition d\u2019en indiquer la source.<\/p>\n<p>Toute violation des droits de propri\u00e9t\u00e9 intellectuelle ou industrielle de ce site ou des \u00e9l\u00e9ments de GUADALPARK sera soumise aux mesures l\u00e9gales appropri\u00e9es servant \u00e0 leur protection.<\/p>\n<p><strong><br \/>\nPlaintes et r\u00e9clamations<\/strong><br \/>\nL\u2019Utilisateur dispose de formulaires de r\u00e9clamations dont il peut faire la demande aupr\u00e8s du service client de GUADALPARK.<\/p>\n<p>L\u2019Utilisateur peut adresser toute plainte ou r\u00e9clamation \u00e0 l\u2019adresse postale ou \u00e0 l\u2019adresse \u00e9lectronique, indiqu\u00e9es \u00e0 l\u2019article 1 des pr\u00e9sentes Conditions G\u00e9n\u00e9rales d\u2019Acc\u00e8s et d\u2019Utilisation.<\/p>\n<p>De m\u00eame, l\u2019utilisateur en tant que consommateur peut demander une r\u00e9solution de litige extrajudiciaire, conform\u00e9ment \u00e0 la loi 7\/2017, du 2 novembre, qui incorpore la directive 2013\/11\/UE, du Parlement europ\u00e9en et du Conseil, du 21 mai 2013, sur la r\u00e9solution alternative des litiges en mati\u00e8re de consommation.<\/p>\n<p>Vous pouvez acc\u00e9der \u00e0 cette m\u00e9thode via le site Web :\u00a0<a href=\"http:\/\/ec.europa.eu\/consumers\/odr\/\"><strong>http:\/\/ec.europa.eu\/consumers\/odr\/<\/strong><\/a>.http:\/\/ec.europa.eu\/consumers\/odr\/<\/p>\n<p><strong><br \/>\nL\u00e9gislation applicable<br \/>\n<\/strong>Les pr\u00e9sentes conditions g\u00e9n\u00e9rales, ainsi que les conditions sp\u00e9cifiques et toutes les relations pouvant d\u00e9couler de l\u2019acc\u00e8s et de l\u2019utilisation du site Web, entre l\u2019utilisateur et GUADALPARK, seront interpr\u00e9t\u00e9es et r\u00e9gies conform\u00e9ment \u00e0 la l\u00e9gislation espagnole.<br \/>\nPour toute question litigieuse, les parties se soumettent \u00e0 la comp\u00e9tence des cours et tribunaux de S\u00e9ville dans le cas des personnes morales, et dans le cas des consommateurs et utilisateurs (particuliers), \u00e0 la comp\u00e9tence des cours et tribunaux \u00e0 d\u00e9termin\u00e9e en fonction des r\u00e8gles applicables de r\u00e9partition des proc\u00e9dures et de protection des consommateurs et des utilisateurs.<\/p>\n<p><strong>Banni\u00e8res<br \/>\n<\/strong>Sur le site\u00a0<a href=\"https:\/\/www.guadalpark.com\/\"><strong>www.guadalpark.com<\/strong><\/a>\u00a0les utilisateurs peuvent visualiser les propres banni\u00e8res de l\u2019entreprise. Cependant, \u00ab WONDER WIBIT S.R.L. \u00bb se r\u00e9serve le droit d&rsquo;int\u00e9grer sur le Site, sans pr\u00e9avis, des banni\u00e8res d\u2019une autre provenance.[\/vc_column_text][\/vc_column][\/vc_row]<\/p>\n<\/div>","protected":false},"excerpt":{"rendered":"<p>[vc_row full_width=\u00a0\u00bbstretch_row\u00a0\u00bb css=\u00a0\u00bb.vc_custom_1637154083158{background-image: url(https:\/\/guadalpark.com\/wp-content\/uploads\/2021\/11\/banners-1920&#215;495-grupos1.jpg?id=1470) !important;background-position: center !important;background-repeat: no-repeat !important;background-size: cover !important;}\u00a0\u00bb el_class=\u00a0\u00bbbg_\u00a0\u00bb][vc_column][vc_column_text el_class=\u00a0\u00bbh1&Prime;]MENTIONS L\u00c9GALES[\/vc_column_text][\/vc_column][\/vc_row][vc_row css=\u00a0\u00bb.vc_custom_1635256336632{margin-top: 30px !important;}\u00a0\u00bb][vc_column][vc_column_text]Ce site web est la propri\u00e9t\u00e9 de WONDER WIBIT, CIF B 06911903, dont le si\u00e8ge social est situ\u00e9 Avenue del Deporte n\u00ba 8, 41020 \u2013 S\u00e9ville. L\u2019adresse de contact est\u00a0info@guadalpark.com\u00a0, le t\u00e9l\u00e9phone est le +34 954406622, ou en vous &#8230; <a title=\"Mentions L\u00e9gales\" class=\"read-more\" href=\"https:\/\/guadalpark.com\/fr\/mentions-legales\/\" aria-label=\"En savoir plus sur Mentions L\u00e9gales\">Lire la suite<\/a><\/p>\n","protected":false},"author":1,"featured_media":0,"parent":0,"menu_order":0,"comment_status":"closed","ping_status":"closed","template":"","meta":{"footnotes":""},"class_list":["post-2541","page","type-page","status-publish"],"yoast_head":"<!-- This site is optimized with the Yoast SEO plugin v27.4 - https:\/\/yoast.com\/product\/yoast-seo-wordpress\/ -->\n<title>Mentions L\u00e9gales | Guadalpark Sevilla<\/title>\n<meta name=\"robots\" content=\"index, follow, max-snippet:-1, max-image-preview:large, max-video-preview:-1\" \/>\n<link rel=\"canonical\" href=\"https:\/\/guadalpark.com\/fr\/mentions-legales\/\" \/>\n<meta property=\"og:locale\" content=\"fr_FR\" \/>\n<meta property=\"og:type\" content=\"article\" \/>\n<meta property=\"og:title\" content=\"Mentions L\u00e9gales | Guadalpark Sevilla\" \/>\n<meta property=\"og:description\" content=\"[vc_row full_width=\u00a0\u00bbstretch_row\u00a0\u00bb css=\u00a0\u00bb.vc_custom_1637154083158{background-image: url(https:\/\/guadalpark.com\/wp-content\/uploads\/2021\/11\/banners-1920&#215;495-grupos1.jpg?id=1470) !important;background-position: center !important;background-repeat: no-repeat !important;background-size: cover !important;}\u00a0\u00bb el_class=\u00a0\u00bbbg_\u00a0\u00bb][vc_column][vc_column_text el_class=\u00a0\u00bbh1&Prime;]MENTIONS L\u00c9GALES[\/vc_column_text][\/vc_column][\/vc_row][vc_row css=\u00a0\u00bb.vc_custom_1635256336632{margin-top: 30px !important;}\u00a0\u00bb][vc_column][vc_column_text]Ce site web est la propri\u00e9t\u00e9 de WONDER WIBIT, CIF B 06911903, dont le si\u00e8ge social est situ\u00e9 Avenue del Deporte n\u00ba 8, 41020 \u2013 S\u00e9ville. L\u2019adresse de contact est\u00a0info@guadalpark.com\u00a0, le t\u00e9l\u00e9phone est le +34 954406622, ou en vous ... Lire la suite\" \/>\n<meta property=\"og:url\" content=\"https:\/\/guadalpark.com\/fr\/mentions-legales\/\" \/>\n<meta property=\"og:site_name\" content=\"Guadalpark Sevilla\" \/>\n<meta property=\"article:modified_time\" content=\"2022-02-22T09:53:02+00:00\" \/>\n<meta name=\"twitter:card\" content=\"summary_large_image\" \/>\n<meta name=\"twitter:label1\" content=\"Dur\u00e9e de lecture estim\u00e9e\" \/>\n\t<meta name=\"twitter:data1\" content=\"5 minutes\" \/>\n<script type=\"application\/ld+json\" class=\"yoast-schema-graph\">{\"@context\":\"https:\\\/\\\/schema.org\",\"@graph\":[{\"@type\":\"WebPage\",\"@id\":\"https:\\\/\\\/guadalpark.com\\\/fr\\\/mentions-legales\\\/\",\"url\":\"https:\\\/\\\/guadalpark.com\\\/fr\\\/mentions-legales\\\/\",\"name\":\"Mentions L\u00e9gales | Guadalpark Sevilla\",\"isPartOf\":{\"@id\":\"https:\\\/\\\/guadalpark.com\\\/#website\"},\"datePublished\":\"2021-10-26T13:51:48+00:00\",\"dateModified\":\"2022-02-22T09:53:02+00:00\",\"breadcrumb\":{\"@id\":\"https:\\\/\\\/guadalpark.com\\\/fr\\\/mentions-legales\\\/#breadcrumb\"},\"inLanguage\":\"fr-FR\",\"potentialAction\":[{\"@type\":\"ReadAction\",\"target\":[\"https:\\\/\\\/guadalpark.com\\\/fr\\\/mentions-legales\\\/\"]}]},{\"@type\":\"BreadcrumbList\",\"@id\":\"https:\\\/\\\/guadalpark.com\\\/fr\\\/mentions-legales\\\/#breadcrumb\",\"itemListElement\":[{\"@type\":\"ListItem\",\"position\":1,\"name\":\"Portada\",\"item\":\"https:\\\/\\\/guadalpark.com\\\/fr\\\/\"},{\"@type\":\"ListItem\",\"position\":2,\"name\":\"Mentions L\u00e9gales\"}]},{\"@type\":\"WebSite\",\"@id\":\"https:\\\/\\\/guadalpark.com\\\/#website\",\"url\":\"https:\\\/\\\/guadalpark.com\\\/\",\"name\":\"Guadalpark Sevilla\",\"description\":\"Otro sitio realizado con WordPress\",\"publisher\":{\"@id\":\"https:\\\/\\\/guadalpark.com\\\/#organization\"},\"potentialAction\":[{\"@type\":\"SearchAction\",\"target\":{\"@type\":\"EntryPoint\",\"urlTemplate\":\"https:\\\/\\\/guadalpark.com\\\/?s={search_term_string}\"},\"query-input\":{\"@type\":\"PropertyValueSpecification\",\"valueRequired\":true,\"valueName\":\"search_term_string\"}}],\"inLanguage\":\"fr-FR\"},{\"@type\":\"Organization\",\"@id\":\"https:\\\/\\\/guadalpark.com\\\/#organization\",\"name\":\"Guadalpark Sevilla\",\"url\":\"https:\\\/\\\/guadalpark.com\\\/\",\"logo\":{\"@type\":\"ImageObject\",\"inLanguage\":\"fr-FR\",\"@id\":\"https:\\\/\\\/guadalpark.com\\\/#\\\/schema\\\/logo\\\/image\\\/\",\"url\":\"https:\\\/\\\/guadalpark.com\\\/wp-content\\\/uploads\\\/2021\\\/10\\\/logo_ag-1.png\",\"contentUrl\":\"https:\\\/\\\/guadalpark.com\\\/wp-content\\\/uploads\\\/2021\\\/10\\\/logo_ag-1.png\",\"width\":580,\"height\":256,\"caption\":\"Guadalpark Sevilla\"},\"image\":{\"@id\":\"https:\\\/\\\/guadalpark.com\\\/#\\\/schema\\\/logo\\\/image\\\/\"}}]}<\/script>\n<!-- \/ Yoast SEO plugin. -->","yoast_head_json":{"title":"Mentions L\u00e9gales | Guadalpark Sevilla","robots":{"index":"index","follow":"follow","max-snippet":"max-snippet:-1","max-image-preview":"max-image-preview:large","max-video-preview":"max-video-preview:-1"},"canonical":"https:\/\/guadalpark.com\/fr\/mentions-legales\/","og_locale":"fr_FR","og_type":"article","og_title":"Mentions L\u00e9gales | Guadalpark Sevilla","og_description":"[vc_row full_width=\u00a0\u00bbstretch_row\u00a0\u00bb css=\u00a0\u00bb.vc_custom_1637154083158{background-image: url(https:\/\/guadalpark.com\/wp-content\/uploads\/2021\/11\/banners-1920&#215;495-grupos1.jpg?id=1470) !important;background-position: center !important;background-repeat: no-repeat !important;background-size: cover !important;}\u00a0\u00bb el_class=\u00a0\u00bbbg_\u00a0\u00bb][vc_column][vc_column_text el_class=\u00a0\u00bbh1&Prime;]MENTIONS L\u00c9GALES[\/vc_column_text][\/vc_column][\/vc_row][vc_row css=\u00a0\u00bb.vc_custom_1635256336632{margin-top: 30px !important;}\u00a0\u00bb][vc_column][vc_column_text]Ce site web est la propri\u00e9t\u00e9 de WONDER WIBIT, CIF B 06911903, dont le si\u00e8ge social est situ\u00e9 Avenue del Deporte n\u00ba 8, 41020 \u2013 S\u00e9ville. L\u2019adresse de contact est\u00a0info@guadalpark.com\u00a0, le t\u00e9l\u00e9phone est le +34 954406622, ou en vous ... Lire la suite","og_url":"https:\/\/guadalpark.com\/fr\/mentions-legales\/","og_site_name":"Guadalpark Sevilla","article_modified_time":"2022-02-22T09:53:02+00:00","twitter_card":"summary_large_image","twitter_misc":{"Dur\u00e9e de lecture estim\u00e9e":"5 minutes"},"schema":{"@context":"https:\/\/schema.org","@graph":[{"@type":"WebPage","@id":"https:\/\/guadalpark.com\/fr\/mentions-legales\/","url":"https:\/\/guadalpark.com\/fr\/mentions-legales\/","name":"Mentions L\u00e9gales | Guadalpark Sevilla","isPartOf":{"@id":"https:\/\/guadalpark.com\/#website"},"datePublished":"2021-10-26T13:51:48+00:00","dateModified":"2022-02-22T09:53:02+00:00","breadcrumb":{"@id":"https:\/\/guadalpark.com\/fr\/mentions-legales\/#breadcrumb"},"inLanguage":"fr-FR","potentialAction":[{"@type":"ReadAction","target":["https:\/\/guadalpark.com\/fr\/mentions-legales\/"]}]},{"@type":"BreadcrumbList","@id":"https:\/\/guadalpark.com\/fr\/mentions-legales\/#breadcrumb","itemListElement":[{"@type":"ListItem","position":1,"name":"Portada","item":"https:\/\/guadalpark.com\/fr\/"},{"@type":"ListItem","position":2,"name":"Mentions L\u00e9gales"}]},{"@type":"WebSite","@id":"https:\/\/guadalpark.com\/#website","url":"https:\/\/guadalpark.com\/","name":"Guadalpark Sevilla","description":"Otro sitio realizado con WordPress","publisher":{"@id":"https:\/\/guadalpark.com\/#organization"},"potentialAction":[{"@type":"SearchAction","target":{"@type":"EntryPoint","urlTemplate":"https:\/\/guadalpark.com\/?s={search_term_string}"},"query-input":{"@type":"PropertyValueSpecification","valueRequired":true,"valueName":"search_term_string"}}],"inLanguage":"fr-FR"},{"@type":"Organization","@id":"https:\/\/guadalpark.com\/#organization","name":"Guadalpark Sevilla","url":"https:\/\/guadalpark.com\/","logo":{"@type":"ImageObject","inLanguage":"fr-FR","@id":"https:\/\/guadalpark.com\/#\/schema\/logo\/image\/","url":"https:\/\/guadalpark.com\/wp-content\/uploads\/2021\/10\/logo_ag-1.png","contentUrl":"https:\/\/guadalpark.com\/wp-content\/uploads\/2021\/10\/logo_ag-1.png","width":580,"height":256,"caption":"Guadalpark Sevilla"},"image":{"@id":"https:\/\/guadalpark.com\/#\/schema\/logo\/image\/"}}]}},"_links":{"self":[{"href":"https:\/\/guadalpark.com\/fr\/wp-json\/wp\/v2\/pages\/2541","targetHints":{"allow":["GET"]}}],"collection":[{"href":"https:\/\/guadalpark.com\/fr\/wp-json\/wp\/v2\/pages"}],"about":[{"href":"https:\/\/guadalpark.com\/fr\/wp-json\/wp\/v2\/types\/page"}],"author":[{"embeddable":true,"href":"https:\/\/guadalpark.com\/fr\/wp-json\/wp\/v2\/users\/1"}],"replies":[{"embeddable":true,"href":"https:\/\/guadalpark.com\/fr\/wp-json\/wp\/v2\/comments?post=2541"}],"version-history":[{"count":10,"href":"https:\/\/guadalpark.com\/fr\/wp-json\/wp\/v2\/pages\/2541\/revisions"}],"predecessor-version":[{"id":2620,"href":"https:\/\/guadalpark.com\/fr\/wp-json\/wp\/v2\/pages\/2541\/revisions\/2620"}],"wp:attachment":[{"href":"https:\/\/guadalpark.com\/fr\/wp-json\/wp\/v2\/media?parent=2541"}],"curies":[{"name":"wp","href":"https:\/\/api.w.org\/{rel}","templated":true}]}}