{"id":2551,"date":"2021-10-26T13:56:04","date_gmt":"2021-10-26T13:56:04","guid":{"rendered":"https:\/\/guadalpark.com\/condiciones-de-compra\/"},"modified":"2022-02-21T09:46:21","modified_gmt":"2022-02-21T09:46:21","slug":"termes-et-conditions","status":"publish","type":"page","link":"https:\/\/guadalpark.com\/fr\/termes-et-conditions\/","title":{"rendered":"TERMES ET CONDITIONS"},"content":{"rendered":"<div class=\"wpb-content-wrapper\"><p>[vc_row full_width=\u00a0\u00bbstretch_row\u00a0\u00bb css=\u00a0\u00bb.vc_custom_1637154104317{background-image: url(https:\/\/guadalpark.com\/wp-content\/uploads\/2021\/11\/banners-1920&#215;495-grupos1.jpg?id=1470) !important;background-position: center !important;background-repeat: no-repeat !important;background-size: cover !important;}\u00a0\u00bb el_class=\u00a0\u00bbbg_\u00a0\u00bb][vc_column][vc_column_text el_class=\u00a0\u00bbh1&Prime;]TERMES ET CONDITIONS[\/vc_column_text][\/vc_column][\/vc_row][vc_row css=\u00a0\u00bb.vc_custom_1635256336632{margin-top: 30px !important;}\u00a0\u00bb][vc_column][vc_column_text]CONDITIONS D\u2019ACHAT<\/p>\n<p>Les pr\u00e9sentes Conditions G\u00e9n\u00e9rales d\u2019Achat, intervenant avant le processus d\u2019engagement, r\u00e9gissent l\u2019acquisition de billets via le site Web \u00a0<a href=\"https:\/\/www.guadalpark.com\/\"><strong>www.guadalpark.com<\/strong><\/a> , appartenant \u00e0 WONDER WIBIT S.R.L. [ci-apr\u00e8s GUADALPARK].<\/p>\n<p>Ces Conditions G\u00e9n\u00e9rales d\u2019Achat doivent \u00eatre compl\u00e9t\u00e9es par les Conditions G\u00e9n\u00e9rales d\u2019Acc\u00e8s et d\u2019Utilisation du Site Internet \u00e9tablies par GUADALPARK, ainsi que par toutes autres Conditions Contractuelles Particuli\u00e8res ou Sp\u00e9cifiques pouvant \u00eatre \u00e9tablies le cas \u00e9ch\u00e9ant.<\/p>\n<p>GUADALPARK pourra, \u00e0 tout moment et sans pr\u00e9avis, modifier les pr\u00e9sentes conditions g\u00e9n\u00e9rales, en publiant lesdites modifications sur le Site, afin que les Utilisateurs puissent en prendre connaissance avant l\u2019achat des billets propos\u00e9s en ligne.<\/p>\n<p>De cette mani\u00e8re, l\u2019Utilisateur, sous sa responsabilit\u00e9, doit lire attentivement toutes les conditions, \u00e0 chacune des occasions o\u00f9 il a l\u2019intention d\u2019acheter des billets, via le Site Web.<\/p>\n<p>L\u2019Utilisateur d\u00e9clare \u00eatre majeur, conform\u00e9ment \u00e0 sa l\u00e9gislation nationale, et avoir la capacit\u00e9 juridique n\u00e9cessaire pour contracter par l\u2019interm\u00e9diaire du Site et, par cons\u00e9quent, \u00eatre li\u00e9 par les pr\u00e9sentes Conditions G\u00e9n\u00e9rales et Conditions Particuli\u00e8res \u00e9ventuellement applicables. Concernant l\u2019ensemble de ces conditions, l\u2019Utilisateur d\u00e9clare les conna\u00eetre, les comprendre et les accepter dans leur int\u00e9gralit\u00e9. De m\u00eame, l\u2019Utilisateur reconna\u00eet et accepte que les billets achet\u00e9s via le Site Web seront destin\u00e9s \u00e0 son propre usage ou \u00e0 sa consommation personnelle.<\/p>\n<p>Au cas o\u00f9 les billets seraient c\u00e9d\u00e9s \u00e0 des tiers par l\u2019Utilisateur, l\u2019utilisation ou la consommation de ceux-ci se fera sous l\u2019enti\u00e8re responsabilit\u00e9 de l\u2019Utilisateur acqu\u00e9reur. En ce sens, l\u2019Utilisateur accepte, express\u00e9ment et sans exception, que l\u2019acc\u00e8s et l\u2019utilisation du Site et de ses services, s\u2019effectuent sous sa seule et exclusive responsabilit\u00e9.<\/p>\n<p><strong><br \/>\nLangue<br \/>\n<\/strong>Le processus d\u2019achat pourra s\u2019effectuer en espagnol et en anglais.<\/p>\n<p><strong><br \/>\nPrix<\/strong><br \/>\nLes prix affich\u00e9s \u00e0 l\u2019\u00e9cran sont ceux en vigueur, sauf erreur typographique. Ils sont \u00e9tablis en euros et incluent la taxe sur la valeur ajout\u00e9e (TVA).<\/p>\n<p>Dans le cas d\u2019achats effectu\u00e9s depuis un territoire dans lequel, conform\u00e9ment \u00e0 la l\u00e9gislation en vigueur, la Taxe susmentionn\u00e9e n\u2019est pas applicable, celle-ci sera d\u00e9duite au moment de la facturation.<\/p>\n<p>Les offres et les promotions seront d\u00fbment indiqu\u00e9es \u00e0 l\u2019\u00e9cran.<\/p>\n<p><strong><br \/>\nModes de paiement<br \/>\n<\/strong>Le paiement des billets ne pourra s\u2019effectuer que par carte de cr\u00e9dit ou de d\u00e9bit, de la sph\u00e8re VISA ou MASTERCARD.<\/p>\n<p>Pour la s\u00e9curit\u00e9 de l\u2019Utilisateur, il convient de noter que la confidentialit\u00e9 dans le traitement de ses donn\u00e9es est enti\u00e8rement garantie, gr\u00e2ce \u00e0 la transmission crypt\u00e9e des informations entre le navigateur de l\u2019Utilisateur, le serveur s\u00e9curis\u00e9 Guadalpark et les entit\u00e9s financi\u00e8res qui g\u00e8rent les paiements.<\/p>\n<p>Guadalpark informe que l\u2019utilisation de ce syst\u00e8me de paiement \u00e9lectronique pour acheter des billets, constituera un comportement d\u00e9lictueux, passible d\u2019une peine d\u2019emprisonnement, dans les cas suivants :<\/p>\n<ul>\n<li>&#8211; Fourniture de fausses informations concernant l\u2019acheteur ou le num\u00e9ro de la carte utilis\u00e9e comme moyen de paiement.<br \/>\n&#8211; Utilisation de donn\u00e9es de personnes autres que l\u2019acheteur.<br \/>\n&#8211; Usurpation de la condition de titulaire de cartes \u00e9trang\u00e8res.<br \/>\n&#8211; Utilisation de num\u00e9ros de cartes g\u00e9n\u00e9r\u00e9s \u00e0 l\u2019aide de programmes informatiques ou d\u2019algorithmes similaires.<\/li>\n<\/ul>\n<p><strong>Annulation de billets<br \/>\n<\/strong>Aucun achat de billet effectu\u00e9 sur ce site Web ne peut \u00eatre annul\u00e9 ou modifi\u00e9. Pour cette raison, il n\u2019est pas possible de rembourser le montant des billets achet\u00e9s ou de modifier la date d\u2019entr\u00e9e.<\/p>\n<p>Nous nous r\u00e9servons le droit de fermer le parc, sans pr\u00e9avis, pour des raisons m\u00e9t\u00e9orologiques, de capacit\u00e9, de s\u00e9curit\u00e9 et de sant\u00e9 publique.<\/p>\n<p>En cas de fermeture du parc (installations ou zones) auquel le billet d\u2019entr\u00e9e donne acc\u00e8s pour des raisons exceptionnelles, telles que, par exemple mais sans s\u2019y limiter, des travaux de r\u00e9am\u00e9nagement ou d\u2019am\u00e9lioration, des raisons m\u00e9t\u00e9orologiques, de capacit\u00e9, de s\u00e9curit\u00e9 et\/ou de sant\u00e9 publique, sur injonctions gouvernementales ou pour dispositions d\u2019actifs, WONDER WIBIT le communiquera le plus t\u00f4t possible.<\/p>\n<p>En tout \u00e9tat de cause, ladite fermeture, si elle intervient pour cause de force majeure, ne donnera droit \u00e0 aucun remboursement ou \u00e0 aucune r\u00e9clamation pour le titulaire.<\/p>\n<p><strong>Politique d\u2019exp\u00e9dition<br \/>\n<\/strong>Apr\u00e8s leur achat, les billets seront envoy\u00e9s par e-mail dans un d\u00e9lai inf\u00e9rieur \u00e0 24 heures, \u00e0 l\u2019adresse e-mail fournie par l\u2019acheteur lors du processus d\u2019achat.<\/p>\n<p><strong><br \/>\nDroit et juridiction applicables<\/strong><br \/>\nLes pr\u00e9sentes Conditions G\u00e9n\u00e9rales d\u2019Achat et, le cas \u00e9ch\u00e9ant, les Conditions Particuli\u00e8res \u00e9ventuellement applicables, seront r\u00e9gies par la l\u00e9gislation espagnole, qui sera applicable dans les mati\u00e8res non pr\u00e9vues dans le pr\u00e9sent contrat, \u00e0 l\u2019objet d\u2019interpr\u00e9tation, de validit\u00e9 et d\u2019ex\u00e9cution.<\/p>\n<p>Les parties renoncent express\u00e9ment \u00e0 la juridiction qui pourrait leur correspondre et se soumettent express\u00e9ment aux Cours et Tribunaux de S\u00e9ville pour r\u00e9soudre tout litige pouvant survenir dans l\u2019interpr\u00e9tation ou dans l\u2019ex\u00e9cution des pr\u00e9sentes Conditions G\u00e9n\u00e9rales et Particuli\u00e8res.[\/vc_column_text][\/vc_column][\/vc_row]<\/p>\n<\/div>","protected":false},"excerpt":{"rendered":"<p>[vc_row full_width=\u00a0\u00bbstretch_row\u00a0\u00bb css=\u00a0\u00bb.vc_custom_1637154104317{background-image: url(https:\/\/guadalpark.com\/wp-content\/uploads\/2021\/11\/banners-1920&#215;495-grupos1.jpg?id=1470) !important;background-position: center !important;background-repeat: no-repeat !important;background-size: cover !important;}\u00a0\u00bb el_class=\u00a0\u00bbbg_\u00a0\u00bb][vc_column][vc_column_text el_class=\u00a0\u00bbh1&Prime;]TERMES ET CONDITIONS[\/vc_column_text][\/vc_column][\/vc_row][vc_row css=\u00a0\u00bb.vc_custom_1635256336632{margin-top: 30px !important;}\u00a0\u00bb][vc_column][vc_column_text]CONDITIONS D\u2019ACHAT Les pr\u00e9sentes Conditions G\u00e9n\u00e9rales d\u2019Achat, intervenant avant le processus d\u2019engagement, r\u00e9gissent l\u2019acquisition de billets via le site Web \u00a0www.guadalpark.com , appartenant \u00e0 WONDER WIBIT S.R.L. [ci-apr\u00e8s GUADALPARK]. Ces Conditions G\u00e9n\u00e9rales d\u2019Achat doivent \u00eatre compl\u00e9t\u00e9es par les &#8230; <a title=\"TERMES ET CONDITIONS\" class=\"read-more\" href=\"https:\/\/guadalpark.com\/fr\/termes-et-conditions\/\" aria-label=\"En savoir plus sur TERMES ET CONDITIONS\">Lire la suite<\/a><\/p>\n","protected":false},"author":1,"featured_media":0,"parent":0,"menu_order":0,"comment_status":"closed","ping_status":"closed","template":"","meta":{"footnotes":""},"class_list":["post-2551","page","type-page","status-publish"],"yoast_head":"<!-- This site is optimized with the Yoast SEO plugin v27.6 - https:\/\/yoast.com\/product\/yoast-seo-wordpress\/ -->\n<title>TERMES ET CONDITIONS | Guadalpark Sevilla<\/title>\n<meta name=\"robots\" content=\"index, follow, max-snippet:-1, max-image-preview:large, max-video-preview:-1\" \/>\n<link rel=\"canonical\" href=\"https:\/\/guadalpark.com\/fr\/termes-et-conditions\/\" \/>\n<meta property=\"og:locale\" content=\"fr_FR\" \/>\n<meta property=\"og:type\" content=\"article\" \/>\n<meta property=\"og:title\" content=\"TERMES ET CONDITIONS | Guadalpark Sevilla\" \/>\n<meta property=\"og:description\" content=\"[vc_row full_width=\u00a0\u00bbstretch_row\u00a0\u00bb css=\u00a0\u00bb.vc_custom_1637154104317{background-image: url(https:\/\/guadalpark.com\/wp-content\/uploads\/2021\/11\/banners-1920&#215;495-grupos1.jpg?id=1470) !important;background-position: center !important;background-repeat: no-repeat !important;background-size: cover !important;}\u00a0\u00bb el_class=\u00a0\u00bbbg_\u00a0\u00bb][vc_column][vc_column_text el_class=\u00a0\u00bbh1&Prime;]TERMES ET CONDITIONS[\/vc_column_text][\/vc_column][\/vc_row][vc_row css=\u00a0\u00bb.vc_custom_1635256336632{margin-top: 30px !important;}\u00a0\u00bb][vc_column][vc_column_text]CONDITIONS D\u2019ACHAT Les pr\u00e9sentes Conditions G\u00e9n\u00e9rales d\u2019Achat, intervenant avant le processus d\u2019engagement, r\u00e9gissent l\u2019acquisition de billets via le site Web \u00a0www.guadalpark.com , appartenant \u00e0 WONDER WIBIT S.R.L. [ci-apr\u00e8s GUADALPARK]. Ces Conditions G\u00e9n\u00e9rales d\u2019Achat doivent \u00eatre compl\u00e9t\u00e9es par les ... Lire la suite\" \/>\n<meta property=\"og:url\" content=\"https:\/\/guadalpark.com\/fr\/termes-et-conditions\/\" \/>\n<meta property=\"og:site_name\" content=\"Guadalpark Sevilla\" \/>\n<meta property=\"article:modified_time\" content=\"2022-02-21T09:46:21+00:00\" \/>\n<meta name=\"twitter:card\" content=\"summary_large_image\" \/>\n<meta name=\"twitter:label1\" content=\"Dur\u00e9e de lecture estim\u00e9e\" \/>\n\t<meta name=\"twitter:data1\" content=\"4 minutes\" \/>\n<script type=\"application\/ld+json\" class=\"yoast-schema-graph\">{\"@context\":\"https:\\\/\\\/schema.org\",\"@graph\":[{\"@type\":\"WebPage\",\"@id\":\"https:\\\/\\\/guadalpark.com\\\/fr\\\/termes-et-conditions\\\/\",\"url\":\"https:\\\/\\\/guadalpark.com\\\/fr\\\/termes-et-conditions\\\/\",\"name\":\"TERMES ET CONDITIONS | Guadalpark Sevilla\",\"isPartOf\":{\"@id\":\"https:\\\/\\\/guadalpark.com\\\/#website\"},\"datePublished\":\"2021-10-26T13:56:04+00:00\",\"dateModified\":\"2022-02-21T09:46:21+00:00\",\"breadcrumb\":{\"@id\":\"https:\\\/\\\/guadalpark.com\\\/fr\\\/termes-et-conditions\\\/#breadcrumb\"},\"inLanguage\":\"fr-FR\",\"potentialAction\":[{\"@type\":\"ReadAction\",\"target\":[\"https:\\\/\\\/guadalpark.com\\\/fr\\\/termes-et-conditions\\\/\"]}]},{\"@type\":\"BreadcrumbList\",\"@id\":\"https:\\\/\\\/guadalpark.com\\\/fr\\\/termes-et-conditions\\\/#breadcrumb\",\"itemListElement\":[{\"@type\":\"ListItem\",\"position\":1,\"name\":\"Portada\",\"item\":\"https:\\\/\\\/guadalpark.com\\\/fr\\\/\"},{\"@type\":\"ListItem\",\"position\":2,\"name\":\"TERMES ET CONDITIONS\"}]},{\"@type\":\"WebSite\",\"@id\":\"https:\\\/\\\/guadalpark.com\\\/#website\",\"url\":\"https:\\\/\\\/guadalpark.com\\\/\",\"name\":\"Guadalpark Sevilla\",\"description\":\"Otro sitio realizado con WordPress\",\"publisher\":{\"@id\":\"https:\\\/\\\/guadalpark.com\\\/#organization\"},\"potentialAction\":[{\"@type\":\"SearchAction\",\"target\":{\"@type\":\"EntryPoint\",\"urlTemplate\":\"https:\\\/\\\/guadalpark.com\\\/?s={search_term_string}\"},\"query-input\":{\"@type\":\"PropertyValueSpecification\",\"valueRequired\":true,\"valueName\":\"search_term_string\"}}],\"inLanguage\":\"fr-FR\"},{\"@type\":\"Organization\",\"@id\":\"https:\\\/\\\/guadalpark.com\\\/#organization\",\"name\":\"Guadalpark Sevilla\",\"url\":\"https:\\\/\\\/guadalpark.com\\\/\",\"logo\":{\"@type\":\"ImageObject\",\"inLanguage\":\"fr-FR\",\"@id\":\"https:\\\/\\\/guadalpark.com\\\/#\\\/schema\\\/logo\\\/image\\\/\",\"url\":\"https:\\\/\\\/guadalpark.com\\\/wp-content\\\/uploads\\\/2021\\\/10\\\/logo_ag-1.png\",\"contentUrl\":\"https:\\\/\\\/guadalpark.com\\\/wp-content\\\/uploads\\\/2021\\\/10\\\/logo_ag-1.png\",\"width\":580,\"height\":256,\"caption\":\"Guadalpark Sevilla\"},\"image\":{\"@id\":\"https:\\\/\\\/guadalpark.com\\\/#\\\/schema\\\/logo\\\/image\\\/\"}}]}<\/script>\n<!-- \/ Yoast SEO plugin. -->","yoast_head_json":{"title":"TERMES ET CONDITIONS | Guadalpark Sevilla","robots":{"index":"index","follow":"follow","max-snippet":"max-snippet:-1","max-image-preview":"max-image-preview:large","max-video-preview":"max-video-preview:-1"},"canonical":"https:\/\/guadalpark.com\/fr\/termes-et-conditions\/","og_locale":"fr_FR","og_type":"article","og_title":"TERMES ET CONDITIONS | Guadalpark Sevilla","og_description":"[vc_row full_width=\u00a0\u00bbstretch_row\u00a0\u00bb css=\u00a0\u00bb.vc_custom_1637154104317{background-image: url(https:\/\/guadalpark.com\/wp-content\/uploads\/2021\/11\/banners-1920&#215;495-grupos1.jpg?id=1470) !important;background-position: center !important;background-repeat: no-repeat !important;background-size: cover !important;}\u00a0\u00bb el_class=\u00a0\u00bbbg_\u00a0\u00bb][vc_column][vc_column_text el_class=\u00a0\u00bbh1&Prime;]TERMES ET CONDITIONS[\/vc_column_text][\/vc_column][\/vc_row][vc_row css=\u00a0\u00bb.vc_custom_1635256336632{margin-top: 30px !important;}\u00a0\u00bb][vc_column][vc_column_text]CONDITIONS D\u2019ACHAT Les pr\u00e9sentes Conditions G\u00e9n\u00e9rales d\u2019Achat, intervenant avant le processus d\u2019engagement, r\u00e9gissent l\u2019acquisition de billets via le site Web \u00a0www.guadalpark.com , appartenant \u00e0 WONDER WIBIT S.R.L. [ci-apr\u00e8s GUADALPARK]. Ces Conditions G\u00e9n\u00e9rales d\u2019Achat doivent \u00eatre compl\u00e9t\u00e9es par les ... Lire la suite","og_url":"https:\/\/guadalpark.com\/fr\/termes-et-conditions\/","og_site_name":"Guadalpark Sevilla","article_modified_time":"2022-02-21T09:46:21+00:00","twitter_card":"summary_large_image","twitter_misc":{"Dur\u00e9e de lecture estim\u00e9e":"4 minutes"},"schema":{"@context":"https:\/\/schema.org","@graph":[{"@type":"WebPage","@id":"https:\/\/guadalpark.com\/fr\/termes-et-conditions\/","url":"https:\/\/guadalpark.com\/fr\/termes-et-conditions\/","name":"TERMES ET CONDITIONS | Guadalpark Sevilla","isPartOf":{"@id":"https:\/\/guadalpark.com\/#website"},"datePublished":"2021-10-26T13:56:04+00:00","dateModified":"2022-02-21T09:46:21+00:00","breadcrumb":{"@id":"https:\/\/guadalpark.com\/fr\/termes-et-conditions\/#breadcrumb"},"inLanguage":"fr-FR","potentialAction":[{"@type":"ReadAction","target":["https:\/\/guadalpark.com\/fr\/termes-et-conditions\/"]}]},{"@type":"BreadcrumbList","@id":"https:\/\/guadalpark.com\/fr\/termes-et-conditions\/#breadcrumb","itemListElement":[{"@type":"ListItem","position":1,"name":"Portada","item":"https:\/\/guadalpark.com\/fr\/"},{"@type":"ListItem","position":2,"name":"TERMES ET CONDITIONS"}]},{"@type":"WebSite","@id":"https:\/\/guadalpark.com\/#website","url":"https:\/\/guadalpark.com\/","name":"Guadalpark Sevilla","description":"Otro sitio realizado con WordPress","publisher":{"@id":"https:\/\/guadalpark.com\/#organization"},"potentialAction":[{"@type":"SearchAction","target":{"@type":"EntryPoint","urlTemplate":"https:\/\/guadalpark.com\/?s={search_term_string}"},"query-input":{"@type":"PropertyValueSpecification","valueRequired":true,"valueName":"search_term_string"}}],"inLanguage":"fr-FR"},{"@type":"Organization","@id":"https:\/\/guadalpark.com\/#organization","name":"Guadalpark Sevilla","url":"https:\/\/guadalpark.com\/","logo":{"@type":"ImageObject","inLanguage":"fr-FR","@id":"https:\/\/guadalpark.com\/#\/schema\/logo\/image\/","url":"https:\/\/guadalpark.com\/wp-content\/uploads\/2021\/10\/logo_ag-1.png","contentUrl":"https:\/\/guadalpark.com\/wp-content\/uploads\/2021\/10\/logo_ag-1.png","width":580,"height":256,"caption":"Guadalpark Sevilla"},"image":{"@id":"https:\/\/guadalpark.com\/#\/schema\/logo\/image\/"}}]}},"_links":{"self":[{"href":"https:\/\/guadalpark.com\/fr\/wp-json\/wp\/v2\/pages\/2551","targetHints":{"allow":["GET"]}}],"collection":[{"href":"https:\/\/guadalpark.com\/fr\/wp-json\/wp\/v2\/pages"}],"about":[{"href":"https:\/\/guadalpark.com\/fr\/wp-json\/wp\/v2\/types\/page"}],"author":[{"embeddable":true,"href":"https:\/\/guadalpark.com\/fr\/wp-json\/wp\/v2\/users\/1"}],"replies":[{"embeddable":true,"href":"https:\/\/guadalpark.com\/fr\/wp-json\/wp\/v2\/comments?post=2551"}],"version-history":[{"count":2,"href":"https:\/\/guadalpark.com\/fr\/wp-json\/wp\/v2\/pages\/2551\/revisions"}],"predecessor-version":[{"id":2553,"href":"https:\/\/guadalpark.com\/fr\/wp-json\/wp\/v2\/pages\/2551\/revisions\/2553"}],"wp:attachment":[{"href":"https:\/\/guadalpark.com\/fr\/wp-json\/wp\/v2\/media?parent=2551"}],"curies":[{"name":"wp","href":"https:\/\/api.w.org\/{rel}","templated":true}]}}