{"id":2554,"date":"2021-10-26T13:55:06","date_gmt":"2021-10-26T13:55:06","guid":{"rendered":"https:\/\/guadalpark.com\/politica-de-privacidad\/"},"modified":"2022-02-21T09:58:43","modified_gmt":"2022-02-21T09:58:43","slug":"politique-de-confidentialite","status":"publish","type":"page","link":"https:\/\/guadalpark.com\/fr\/politique-de-confidentialite\/","title":{"rendered":"Politique de confidentialit\u00e9"},"content":{"rendered":"<div class=\"wpb-content-wrapper\"><p>[vc_row full_width=\u00a0\u00bbstretch_row\u00a0\u00bb css=\u00a0\u00bb.vc_custom_1637154093663{background-image: url(https:\/\/guadalpark.com\/wp-content\/uploads\/2021\/11\/banners-1920&#215;495-grupos1.jpg?id=1470) !important;background-position: center !important;background-repeat: no-repeat !important;background-size: cover !important;}\u00a0\u00bb el_class=\u00a0\u00bbbg_\u00a0\u00bb][vc_column][vc_column_text el_class=\u00a0\u00bbh1&Prime;]POLITIQUE DE CONFIDENTIALIT\u00c9[\/vc_column_text][\/vc_column][\/vc_row][vc_row css=\u00a0\u00bb.vc_custom_1635256336632{margin-top: 30px !important;}\u00a0\u00bb][vc_column][vc_column_text]WONDER WIBIT S.R.L. [ci-apr\u00e8s GUADALPARK], est particuli\u00e8rement conscient de l\u2019importance de la protection des donn\u00e9es des Utilisateurs des services, accessibles via son Site Web. Par le biais de cette politique de confidentialit\u00e9 [ci-apr\u00e8s, la Politique] GUADALPARK informe les utilisateurs de www.aqualandia.net, du traitement et des utilisations auxquels sont soumises les donn\u00e9es personnelles collect\u00e9es \u00e0 travers le site Web, afin qu\u2019ils d\u00e9cident, librement et volontairement, s\u2019ils souhaitent fournir les informations demand\u00e9es.<\/p>\n<p>GUADALPARK se r\u00e9serve le droit de modifier cette Politique afin de l\u2019adapter \u00e0 toute nouvelle l\u00e9gislation, aux crit\u00e8res jurisprudentiels, aux pratiques du secteur ou aux int\u00e9r\u00eats de l\u2019entit\u00e9. Toute modification de celle-ci sera annonc\u00e9e en temps voulu, afin que l\u2019Utilisateur ait une parfaite connaissance de son contenu.<\/p>\n<p><strong><br \/>\nTitulaire du traitement<\/strong><br \/>\nLes donn\u00e9es collect\u00e9es via le formulaire de processus d\u2019achat, ainsi que celles collect\u00e9es via les formulaires servant \u00e0 participer aux processus de s\u00e9lection de personnel, ouverts et publi\u00e9s sur le site Web, ou pour que leurs donn\u00e9es soient prises en compte dans les processus de s\u00e9lection ordinaires, seront incorpor\u00e9es dans des fichiers de WONDER WIBIT S.R.L.<\/p>\n<p><strong><br \/>\nUtilisation et finalit\u00e9s<\/strong><\/p>\n<p>La collecte et le traitement des donn\u00e9es personnelles des visiteurs et des acheteurs de billets ont pour finalit\u00e9 la gestion des achats de billets en ligne, ainsi que l\u2019envoi d\u2019informations commerciales sur nos produits et\/ou services.<\/p>\n<p>Dans le cas o\u00f9 l\u2019Utilisateur ne donnerait pas son autorisation, GUADALPARK ne pourra pas confirmer l\u2019achat ou, conform\u00e9ment \u00e0 la Loi, le tenir inform\u00e9 de ses produits, services et promotions. La dur\u00e9e de conservation de ces donn\u00e9es sera celle marqu\u00e9e par la l\u00e9gislation fiscale.<\/p>\n<p>D\u2019autre part, le but de la collecte et du traitement des donn\u00e9es personnelles par le biais de curriculums vitae, est de g\u00e9rer la s\u00e9lection du personnel, l\u2019affectation et la promotion des postes de travail. Dans ce cas, la dur\u00e9e de conservation des curriculums vitae sera d\u2019un an. Pass\u00e9 ce d\u00e9lai sans que l\u2019entit\u00e9 n\u2019ait contact\u00e9 les candidats, les donn\u00e9es curriculaires seront d\u00e9truites.<\/p>\n<p>L\u2019utilisateur sera responsable, dans tous les cas, de la v\u00e9racit\u00e9 des donn\u00e9es fournies, GUADALPARK se r\u00e9servant le droit d\u2019exclure des services concern\u00e9s tout utilisateur qui aurait fourni des donn\u00e9es fausses ou erron\u00e9es, sans pr\u00e9judice d\u2019autres actions pr\u00e9vues par la loi.<\/p>\n<p><strong>Transmission de donn\u00e9es<\/strong><\/p>\n<p>Les donn\u00e9es de l\u2019Utilisateur ne seront pas transf\u00e9r\u00e9es \u00e0 des tiers, sauf dans les cas l\u00e9galement \u00e9tablis, ou lorsque la communication se limite aux finalit\u00e9s d\u00e9clar\u00e9es.<\/p>\n<p><strong><br \/>\nDroits de l\u2019utilisateur<\/strong><\/p>\n<p>L\u2019Utilisateur peut exercer son droit d\u2019acc\u00e8s, de rectification, d\u2019annulation et, le cas \u00e9ch\u00e9ant, d\u2019opposition et de limitation du traitement, ainsi que d\u00e9poser une plainte aupr\u00e8s de l\u2019autorit\u00e9 comp\u00e9tente en mati\u00e8re de protection des donn\u00e9es et, \u00e9ventuellement, demander une indemnisation devant les tribunaux ordinaires, le cas \u00e9ch\u00e9ant, en envoyant une demande, accompagn\u00e9e d\u2019une photocopie de son DNI, \u00e0 l\u2019attention du d\u00e9l\u00e9gu\u00e9 \u00e0 la protection des donn\u00e9es de WONDER WIBIT SRL, \u00e0 l\u2019e-mail info@guadalpark.com.<\/p>\n<p>&nbsp;<\/p>\n<p><strong>Utilisation des r\u00e9seaux sociaux<\/strong><\/p>\n<p>Les utilisateurs de ce site Web assument que toutes les informations fournies via les r\u00e9seaux sociaux (publications, mentions, commentaires, liens, chats, vid\u00e9os, photos, etc.) peuvent \u00eatre rendues publiques et, \u00e0 ce titre, utilis\u00e9es par des tiers sur lesquels GUADALPARK n\u2019a aucune possibilit\u00e9 de restriction.<\/p>\n<p>Ces tiers, sans l\u2019autorisation de GUADALPARK, peuvent utiliser ces donn\u00e9es publi\u00e9es par les utilisateurs, \u00e0 des fins non directement li\u00e9es aux int\u00e9r\u00eats de l\u2019entreprise, sans donc qu\u2019il soit possible d\u2019en d\u00e9duire une autorisation, une concession, un consentement ou une simple connaissance de ces faits de la part de GUADALPARK. Par cons\u00e9quent, les utilisateurs doivent \u00eatre conscients de ce fait, inh\u00e9rent \u00e0 l\u2019utilisation des informations publi\u00e9es via les r\u00e9seaux sociaux. Toutes les opinions et, en g\u00e9n\u00e9ral, les informations publi\u00e9es par les utilisateurs ne repr\u00e9sentent que l\u2019opinion de la personne qui les fournit, et n\u2019impliquent aucune participation de la part de GUADALPARK.<\/p>\n<p>En ce qui concerne l\u2019identification des utilisateurs qui relayent, commentent ou publient des messages et des contributions (textes, vid\u00e9os, photos, etc.) par les soci\u00e9t\u00e9s de gestion et les propri\u00e9taires des plateformes appel\u00e9es \u00ab\u00a0R\u00e9seaux Sociaux\u00a0\u00bb, GUADALPARK ne peut garantir le respect de la l\u00e9gislation en vigueur le cas \u00e9ch\u00e9ant, en termes de protection des donn\u00e9es, et renvoie les utilisateurs aux politiques de confidentialit\u00e9 de chaque r\u00e9seau social.<\/p>\n<p>En ce qui concerne le contenu publi\u00e9 dans les r\u00e9seaux sociaux utilis\u00e9s par GUADALPARK, les utilisateurs sont invit\u00e9s \u00e0 suivre les r\u00e8gles exprim\u00e9es ci-dessus. En cas de doute concernant le traitement des donn\u00e9es personnelles effectu\u00e9 par GUADALPARK via les r\u00e9seaux sociaux, les utilisateurs peuvent contacter l\u2019entit\u00e9, via l\u2019adresse\u00a0<a href=\"mailto:info@guadalpark.com\"><strong>info@guadalpark.com<\/strong><\/a>\u00a0.<\/p>\n<p>Dans tous les cas, la m\u00eame adresse pourra \u00eatre utilis\u00e9e pour exercer les droits pr\u00e9vus par la l\u00e9gislation espagnole sur la protection des donn\u00e9es (droit d\u2019acc\u00e8s, de rectification, d\u2019opposition et d\u2019annulation).<\/p>\n<p><strong>R\u00c8GLEMENT DU PARC<\/strong><\/p>\n<p><strong>POUR PLUS DE S\u00c9CURIT\u00c9 ET D\u2019AGR\u00c9MENT, VEUILLEZ RESPECTER LES R\u00c8GLES DE FONCTIONNEMENT DU PARC, D\u00c9TAILL\u00c9ES CI-DESSOUS : <\/strong><\/p>\n<ol>\n<li>A) Certaines attractions, restaurants, boutiques et activit\u00e9s de loisirs peuvent rester ferm\u00e9s pour des raisons techniques, m\u00e9t\u00e9orologiques ou d\u2019organisation.<br \/>\nB) Le montant du billet d\u2019entr\u00e9e, ou le cas \u00e9ch\u00e9ant, du forfait saisonnier est non remboursable.<br \/>\nC) La capacit\u00e9 du parc est limit\u00e9e.<br \/>\nD) Pour garantir la s\u00e9curit\u00e9, l\u2019acc\u00e8s \u00e0 certaines attractions fait l\u2019objet de restrictions pour des raisons d\u2019\u00e2ge, de taille et de condition physique. Veuillez vous informer des restrictions d\u2019acc\u00e8s applicables, \u00e0 l\u2019entr\u00e9e de chaque attraction.<br \/>\nE) L\u2019entr\u00e9e ne sera pas autoris\u00e9e aux personnes ayant l\u2019intention d\u2019introduire des r\u00e9cipients en verre et des bo\u00eetes de conserve ou d\u2019autres \u00e9l\u00e9ments similaires qui, s\u2019ils sont jet\u00e9s au sol, pourraient causer des dommages aux utilisateurs. De m\u00eame, les animaux de toute nature ne sont pas autoris\u00e9s dans l\u2019enceinte, \u00e0 l\u2019exception des chiens guides<br \/>\nF) Il est interdit d\u2019introduire dans l\u2019enceinte du parc, chaises, parasols, hamacs ou tout autre type de mobilier de camping et de plage.<br \/>\nG) Les v\u00e9los, les patins ou les scooters ne sont pas autoris\u00e9s dans le parc.<br \/>\nH) Par politesse et par respect d\u2019autrui, il est interdit de sauter son tour dans les files d\u2019attente ou d\u2019y garder des places pour d\u2019autres personnes.<br \/>\nI) L\u2019acc\u00e8s aux mineurs de moins de 16 ans, non accompagn\u00e9s d\u2019un adulte responsable d\u2019eux et de leur comportement, est interdit.<br \/>\nJ) Le billet d\u2019entr\u00e9e au parc, ou le cas \u00e9ch\u00e9ant, le forfait saisonnier correspondant, doit \u00eatre conserv\u00e9 pendant toute la dur\u00e9e du s\u00e9jour dans le parc et devra \u00eatre pr\u00e9sent\u00e9 au personnel du parc ou de s\u00e9curit\u00e9 qui pourrait en faire la demande. Guadalpark se r\u00e9serve le droit d\u2019expulser du parc toute personne ne disposant pas d\u2019un billet d\u2019entr\u00e9e ou, le cas \u00e9ch\u00e9ant, d\u2019un forfait saisonnier valable.<br \/>\nK) Certains services et activit\u00e9s de loisirs disponibles dans l\u2019enceinte du parc ne sont pas inclus dans le prix d\u2019entr\u00e9e. Pour plus d\u2019informations, dirigez-vous au point information situ\u00e9 \u00e0 l\u2019entr\u00e9e du parc.<br \/>\nL) Le parc ne dispose pas de service de sonorisation pour diffuser des messages personnels.<br \/>\nM) La vente et la consommation de boissons alcoolis\u00e9es et de tabac, sont interdites aux mineurs.<br \/>\nN) La consommation, la vente ou la distribution de tout type de drogue ou de stup\u00e9fiants dans l\u2019enceinte du parc est interdite. Guadalpark expulsera imm\u00e9diatement toute personne qui ne se conformerait pas \u00e0 cette r\u00e8gle et le communiquera aux autorit\u00e9s.<br \/>\nO) La vente et la distribution de tout type de brochures, d\u00e9pliants ou produits dans l\u2019enceinte du parc sont interdites, sauf celles express\u00e9ment autoris\u00e9es par Guadalpark.<br \/>\nP) Les utilisateurs doivent se conformer aux dispositions r\u00e9glementaires concernant l\u2019utilisation des attractions aquatiques, ainsi qu\u2019aux r\u00e9glementations individuelles et collectives dont sont d\u00e9positaires la direction, les ma\u00eetres-nageurs ou tout autre personnel du parc, afin de garantir une plus grande s\u00e9curit\u00e9 ou une meilleure hygi\u00e8ne dans l\u2019utilisation des installations.<br \/>\nQ) Pour des raisons de s\u00e9curit\u00e9, Guadalpark se r\u00e9serve le droit d\u2019autoriser son personnel \u00e0 inspecter les sacs \u00e0 dos, les sacs \u00e0 main, les cabas ou autres types de bagages, dans les cas pr\u00e9vus et les limites \u00e9tablies par la loi.<br \/>\nA) Il est fortement conseill\u00e9 aux visiteurs du parc, de surveiller leurs effets personnels, car Guadalpark ne se fera pas responsable des pertes, vols, cambriolages ou dommages pouvant survenir pendant leur s\u00e9jour.<br \/>\nS) Informer la direction du parc des cas de maladies f\u00e9briles ou contagieuses.<br \/>\nT) Contribuer au maintien de la propret\u00e9 et de l\u2019hygi\u00e8ne du parc, en \u00e9vitant de jeter et de laisser au sol des d\u00e9tritus, des objets ou d\u2019autres \u00e9l\u00e9ments qui iraient \u00e0 l\u2019encontre de l\u2019utilisation normale des installations.<br \/>\nU) Il est interdit de fumer dans les files d\u2019attente, dans les zones couvertes et particuli\u00e8rement dans la zone r\u00e9serv\u00e9e aux enfants. Toutes ces zones sont d\u00fbment signalis\u00e9es. Guadalpark se r\u00e9serve le droit d\u2019expulser du parc toute personne qui, ayant \u00e9t\u00e9 pr\u00e9alablement pr\u00e9venue par le personnel du parc de se conformer \u00e0 cette r\u00e8gle, continue \u00e0 ne pas la respecter.<br \/>\nV) Dans l\u2019aire de pique-nique, les visiteurs disposent d\u2019une grande terrasse \u00e9quip\u00e9e de tables et de bancs, pour consommer la nourriture qu\u2019ils ont apport\u00e9e. Les terrasses restantes, diss\u00e9min\u00e9es dans le parc, sont \u00e0 l\u2019usage exclusif des clients ayant achet\u00e9s leur repas dans l\u2019un des \u00e9tablissements de restauration du parc.<\/li>\n<\/ol>\n<p>Nonobstant ce qui pr\u00e9c\u00e8de, Guadalpark se r\u00e9serve \u00e9galement le droit d\u2019admission et d\u2019expulsion de ses installations, sans que les personnes ainsi expuls\u00e9es aient droit \u00e0 une quelconque indemnisation, aux personnes qui contreviendraient gravement aux r\u00e8gles \u00e9num\u00e9r\u00e9es ci-dessous ou qui seraient responsables des situations suivantes :<\/p>\n<ol>\n<li>A) Grave alt\u00e9ration de l\u2019ordre du parc ou dans ses installations, ou commission de tout crime ou d\u00e9lit \u00e0 l\u2019int\u00e9rieur de celles-ci.<br \/>\nB) Utilisation incorrecte des billets d\u2019entr\u00e9e ou du forfait saisonnier (y compris l\u2019utilisation frauduleuse, trompeuse ou de mauvaise foi par le titulaire et\/ou la revente ou la falsification de ceux-ci). Seuls les billets achet\u00e9s dans les points de vente agr\u00e9\u00e9s seront valables.<br \/>\nC) Aux personnes pr\u00e9sentant des signes \u00e9vidents d\u2019\u00e9bri\u00e9t\u00e9, ou toute autre circonstance dont il est raisonnable d\u00e9duire qu\u2019elles peuvent troubler l\u2019ordre public ou la tranquillit\u00e9.<br \/>\nD) Commettre des actes de vandalisme ou causer des dommages aux installations du parc.<br \/>\nE) Pour des comportements qui d\u00e9rangeraient ou affecteraient s\u00e9rieusement le plaisir des autres visiteurs.<\/li>\n<\/ol>\n<p>En raison des mesures hygi\u00e9no-sanitaires et de distanciation sociale mises en \u0153uvre pendant la saison 2022 dans le parc, pour garantir la s\u00e9curit\u00e9 des visiteurs et des travailleurs, des changements importants seront apport\u00e9s aux op\u00e9rations d\u2019acc\u00e8s pour contr\u00f4ler la limitation des capacit\u00e9s. De plus, la programmation des activit\u00e9s du parc et l\u2019utilisation des attractions, commerces et restaurants, pourraient souffrir des modifications. Toutes les mesures adopt\u00e9es sont consultables sur notre site internet.[\/vc_column_text][\/vc_column][\/vc_row]<\/p>\n<\/div>","protected":false},"excerpt":{"rendered":"<p>[vc_row full_width=\u00a0\u00bbstretch_row\u00a0\u00bb css=\u00a0\u00bb.vc_custom_1637154093663{background-image: url(https:\/\/guadalpark.com\/wp-content\/uploads\/2021\/11\/banners-1920&#215;495-grupos1.jpg?id=1470) !important;background-position: center !important;background-repeat: no-repeat !important;background-size: cover !important;}\u00a0\u00bb el_class=\u00a0\u00bbbg_\u00a0\u00bb][vc_column][vc_column_text el_class=\u00a0\u00bbh1&Prime;]POLITIQUE DE CONFIDENTIALIT\u00c9[\/vc_column_text][\/vc_column][\/vc_row][vc_row css=\u00a0\u00bb.vc_custom_1635256336632{margin-top: 30px !important;}\u00a0\u00bb][vc_column][vc_column_text]WONDER WIBIT S.R.L. [ci-apr\u00e8s GUADALPARK], est particuli\u00e8rement conscient de l\u2019importance de la protection des donn\u00e9es des Utilisateurs des services, accessibles via son Site Web. Par le biais de cette politique de confidentialit\u00e9 [ci-apr\u00e8s, la Politique] GUADALPARK informe les &#8230; <a title=\"Politique de confidentialit\u00e9\" class=\"read-more\" href=\"https:\/\/guadalpark.com\/fr\/politique-de-confidentialite\/\" aria-label=\"En savoir plus sur Politique de confidentialit\u00e9\">Lire la suite<\/a><\/p>\n","protected":false},"author":1,"featured_media":0,"parent":0,"menu_order":0,"comment_status":"closed","ping_status":"closed","template":"","meta":{"footnotes":""},"class_list":["post-2554","page","type-page","status-publish"],"yoast_head":"<!-- This site is optimized with the Yoast SEO plugin v27.6 - https:\/\/yoast.com\/product\/yoast-seo-wordpress\/ -->\n<title>Politique de confidentialit\u00e9 | Guadalpark Sevilla<\/title>\n<meta name=\"robots\" content=\"index, follow, max-snippet:-1, max-image-preview:large, max-video-preview:-1\" \/>\n<link rel=\"canonical\" href=\"https:\/\/guadalpark.com\/fr\/politique-de-confidentialite\/\" \/>\n<meta property=\"og:locale\" content=\"fr_FR\" \/>\n<meta property=\"og:type\" content=\"article\" \/>\n<meta property=\"og:title\" content=\"Politique de confidentialit\u00e9 | Guadalpark Sevilla\" \/>\n<meta property=\"og:description\" content=\"[vc_row full_width=\u00a0\u00bbstretch_row\u00a0\u00bb css=\u00a0\u00bb.vc_custom_1637154093663{background-image: url(https:\/\/guadalpark.com\/wp-content\/uploads\/2021\/11\/banners-1920&#215;495-grupos1.jpg?id=1470) !important;background-position: center !important;background-repeat: no-repeat !important;background-size: cover !important;}\u00a0\u00bb el_class=\u00a0\u00bbbg_\u00a0\u00bb][vc_column][vc_column_text el_class=\u00a0\u00bbh1&Prime;]POLITIQUE DE CONFIDENTIALIT\u00c9[\/vc_column_text][\/vc_column][\/vc_row][vc_row css=\u00a0\u00bb.vc_custom_1635256336632{margin-top: 30px !important;}\u00a0\u00bb][vc_column][vc_column_text]WONDER WIBIT S.R.L. [ci-apr\u00e8s GUADALPARK], est particuli\u00e8rement conscient de l\u2019importance de la protection des donn\u00e9es des Utilisateurs des services, accessibles via son Site Web. Par le biais de cette politique de confidentialit\u00e9 [ci-apr\u00e8s, la Politique] GUADALPARK informe les ... Lire la suite\" \/>\n<meta property=\"og:url\" content=\"https:\/\/guadalpark.com\/fr\/politique-de-confidentialite\/\" \/>\n<meta property=\"og:site_name\" content=\"Guadalpark Sevilla\" \/>\n<meta property=\"article:modified_time\" content=\"2022-02-21T09:58:43+00:00\" \/>\n<meta name=\"twitter:card\" content=\"summary_large_image\" \/>\n<meta name=\"twitter:label1\" content=\"Dur\u00e9e de lecture estim\u00e9e\" \/>\n\t<meta name=\"twitter:data1\" content=\"10 minutes\" \/>\n<script type=\"application\/ld+json\" class=\"yoast-schema-graph\">{\"@context\":\"https:\\\/\\\/schema.org\",\"@graph\":[{\"@type\":\"WebPage\",\"@id\":\"https:\\\/\\\/guadalpark.com\\\/fr\\\/politique-de-confidentialite\\\/\",\"url\":\"https:\\\/\\\/guadalpark.com\\\/fr\\\/politique-de-confidentialite\\\/\",\"name\":\"Politique de confidentialit\u00e9 | Guadalpark Sevilla\",\"isPartOf\":{\"@id\":\"https:\\\/\\\/guadalpark.com\\\/#website\"},\"datePublished\":\"2021-10-26T13:55:06+00:00\",\"dateModified\":\"2022-02-21T09:58:43+00:00\",\"breadcrumb\":{\"@id\":\"https:\\\/\\\/guadalpark.com\\\/fr\\\/politique-de-confidentialite\\\/#breadcrumb\"},\"inLanguage\":\"fr-FR\",\"potentialAction\":[{\"@type\":\"ReadAction\",\"target\":[\"https:\\\/\\\/guadalpark.com\\\/fr\\\/politique-de-confidentialite\\\/\"]}]},{\"@type\":\"BreadcrumbList\",\"@id\":\"https:\\\/\\\/guadalpark.com\\\/fr\\\/politique-de-confidentialite\\\/#breadcrumb\",\"itemListElement\":[{\"@type\":\"ListItem\",\"position\":1,\"name\":\"Portada\",\"item\":\"https:\\\/\\\/guadalpark.com\\\/fr\\\/\"},{\"@type\":\"ListItem\",\"position\":2,\"name\":\"Politique de confidentialit\u00e9\"}]},{\"@type\":\"WebSite\",\"@id\":\"https:\\\/\\\/guadalpark.com\\\/#website\",\"url\":\"https:\\\/\\\/guadalpark.com\\\/\",\"name\":\"Guadalpark Sevilla\",\"description\":\"Otro sitio realizado con WordPress\",\"publisher\":{\"@id\":\"https:\\\/\\\/guadalpark.com\\\/#organization\"},\"potentialAction\":[{\"@type\":\"SearchAction\",\"target\":{\"@type\":\"EntryPoint\",\"urlTemplate\":\"https:\\\/\\\/guadalpark.com\\\/?s={search_term_string}\"},\"query-input\":{\"@type\":\"PropertyValueSpecification\",\"valueRequired\":true,\"valueName\":\"search_term_string\"}}],\"inLanguage\":\"fr-FR\"},{\"@type\":\"Organization\",\"@id\":\"https:\\\/\\\/guadalpark.com\\\/#organization\",\"name\":\"Guadalpark Sevilla\",\"url\":\"https:\\\/\\\/guadalpark.com\\\/\",\"logo\":{\"@type\":\"ImageObject\",\"inLanguage\":\"fr-FR\",\"@id\":\"https:\\\/\\\/guadalpark.com\\\/#\\\/schema\\\/logo\\\/image\\\/\",\"url\":\"https:\\\/\\\/guadalpark.com\\\/wp-content\\\/uploads\\\/2021\\\/10\\\/logo_ag-1.png\",\"contentUrl\":\"https:\\\/\\\/guadalpark.com\\\/wp-content\\\/uploads\\\/2021\\\/10\\\/logo_ag-1.png\",\"width\":580,\"height\":256,\"caption\":\"Guadalpark Sevilla\"},\"image\":{\"@id\":\"https:\\\/\\\/guadalpark.com\\\/#\\\/schema\\\/logo\\\/image\\\/\"}}]}<\/script>\n<!-- \/ Yoast SEO plugin. -->","yoast_head_json":{"title":"Politique de confidentialit\u00e9 | Guadalpark Sevilla","robots":{"index":"index","follow":"follow","max-snippet":"max-snippet:-1","max-image-preview":"max-image-preview:large","max-video-preview":"max-video-preview:-1"},"canonical":"https:\/\/guadalpark.com\/fr\/politique-de-confidentialite\/","og_locale":"fr_FR","og_type":"article","og_title":"Politique de confidentialit\u00e9 | Guadalpark Sevilla","og_description":"[vc_row full_width=\u00a0\u00bbstretch_row\u00a0\u00bb css=\u00a0\u00bb.vc_custom_1637154093663{background-image: url(https:\/\/guadalpark.com\/wp-content\/uploads\/2021\/11\/banners-1920&#215;495-grupos1.jpg?id=1470) !important;background-position: center !important;background-repeat: no-repeat !important;background-size: cover !important;}\u00a0\u00bb el_class=\u00a0\u00bbbg_\u00a0\u00bb][vc_column][vc_column_text el_class=\u00a0\u00bbh1&Prime;]POLITIQUE DE CONFIDENTIALIT\u00c9[\/vc_column_text][\/vc_column][\/vc_row][vc_row css=\u00a0\u00bb.vc_custom_1635256336632{margin-top: 30px !important;}\u00a0\u00bb][vc_column][vc_column_text]WONDER WIBIT S.R.L. [ci-apr\u00e8s GUADALPARK], est particuli\u00e8rement conscient de l\u2019importance de la protection des donn\u00e9es des Utilisateurs des services, accessibles via son Site Web. Par le biais de cette politique de confidentialit\u00e9 [ci-apr\u00e8s, la Politique] GUADALPARK informe les ... Lire la suite","og_url":"https:\/\/guadalpark.com\/fr\/politique-de-confidentialite\/","og_site_name":"Guadalpark Sevilla","article_modified_time":"2022-02-21T09:58:43+00:00","twitter_card":"summary_large_image","twitter_misc":{"Dur\u00e9e de lecture estim\u00e9e":"10 minutes"},"schema":{"@context":"https:\/\/schema.org","@graph":[{"@type":"WebPage","@id":"https:\/\/guadalpark.com\/fr\/politique-de-confidentialite\/","url":"https:\/\/guadalpark.com\/fr\/politique-de-confidentialite\/","name":"Politique de confidentialit\u00e9 | Guadalpark Sevilla","isPartOf":{"@id":"https:\/\/guadalpark.com\/#website"},"datePublished":"2021-10-26T13:55:06+00:00","dateModified":"2022-02-21T09:58:43+00:00","breadcrumb":{"@id":"https:\/\/guadalpark.com\/fr\/politique-de-confidentialite\/#breadcrumb"},"inLanguage":"fr-FR","potentialAction":[{"@type":"ReadAction","target":["https:\/\/guadalpark.com\/fr\/politique-de-confidentialite\/"]}]},{"@type":"BreadcrumbList","@id":"https:\/\/guadalpark.com\/fr\/politique-de-confidentialite\/#breadcrumb","itemListElement":[{"@type":"ListItem","position":1,"name":"Portada","item":"https:\/\/guadalpark.com\/fr\/"},{"@type":"ListItem","position":2,"name":"Politique de confidentialit\u00e9"}]},{"@type":"WebSite","@id":"https:\/\/guadalpark.com\/#website","url":"https:\/\/guadalpark.com\/","name":"Guadalpark Sevilla","description":"Otro sitio realizado con WordPress","publisher":{"@id":"https:\/\/guadalpark.com\/#organization"},"potentialAction":[{"@type":"SearchAction","target":{"@type":"EntryPoint","urlTemplate":"https:\/\/guadalpark.com\/?s={search_term_string}"},"query-input":{"@type":"PropertyValueSpecification","valueRequired":true,"valueName":"search_term_string"}}],"inLanguage":"fr-FR"},{"@type":"Organization","@id":"https:\/\/guadalpark.com\/#organization","name":"Guadalpark Sevilla","url":"https:\/\/guadalpark.com\/","logo":{"@type":"ImageObject","inLanguage":"fr-FR","@id":"https:\/\/guadalpark.com\/#\/schema\/logo\/image\/","url":"https:\/\/guadalpark.com\/wp-content\/uploads\/2021\/10\/logo_ag-1.png","contentUrl":"https:\/\/guadalpark.com\/wp-content\/uploads\/2021\/10\/logo_ag-1.png","width":580,"height":256,"caption":"Guadalpark Sevilla"},"image":{"@id":"https:\/\/guadalpark.com\/#\/schema\/logo\/image\/"}}]}},"_links":{"self":[{"href":"https:\/\/guadalpark.com\/fr\/wp-json\/wp\/v2\/pages\/2554","targetHints":{"allow":["GET"]}}],"collection":[{"href":"https:\/\/guadalpark.com\/fr\/wp-json\/wp\/v2\/pages"}],"about":[{"href":"https:\/\/guadalpark.com\/fr\/wp-json\/wp\/v2\/types\/page"}],"author":[{"embeddable":true,"href":"https:\/\/guadalpark.com\/fr\/wp-json\/wp\/v2\/users\/1"}],"replies":[{"embeddable":true,"href":"https:\/\/guadalpark.com\/fr\/wp-json\/wp\/v2\/comments?post=2554"}],"version-history":[{"count":2,"href":"https:\/\/guadalpark.com\/fr\/wp-json\/wp\/v2\/pages\/2554\/revisions"}],"predecessor-version":[{"id":2557,"href":"https:\/\/guadalpark.com\/fr\/wp-json\/wp\/v2\/pages\/2554\/revisions\/2557"}],"wp:attachment":[{"href":"https:\/\/guadalpark.com\/fr\/wp-json\/wp\/v2\/media?parent=2554"}],"curies":[{"name":"wp","href":"https:\/\/api.w.org\/{rel}","templated":true}]}}